{"id":5336,"date":"2024-02-08T15:47:27","date_gmt":"2024-02-08T14:47:27","guid":{"rendered":"https:\/\/www.rafanadalclub.com\/restaurants\/"},"modified":"2025-11-20T13:52:37","modified_gmt":"2025-11-20T12:52:37","slug":"restaurants","status":"publish","type":"page","link":"https:\/\/www.rafanadalclub.com\/ca\/restaurants\/","title":{"rendered":"Restaurants"},"content":{"rendered":"\t\t<div data-elementor-type=\"wp-post\" data-elementor-id=\"5336\" class=\"elementor elementor-5336 elementor-2035\" data-elementor-post-type=\"page\">\n\t\t\t\t<div class=\"elementor-element elementor-element-84b10b9 e-con-full e-flex e-con e-parent\" data-id=\"84b10b9\" data-element_type=\"container\" data-e-type=\"container\">\n\t\t\t\t<div class=\"elementor-element elementor-element-ee13c26 elementor--h-position-left elementor--v-position-middle elementor-widget elementor-widget-slides\" data-id=\"ee13c26\" data-element_type=\"widget\" data-e-type=\"widget\" data-settings=\"{&quot;navigation&quot;:&quot;none&quot;,&quot;autoplay_speed&quot;:6000,&quot;transition_speed&quot;:1000,&quot;autoplay&quot;:&quot;yes&quot;,&quot;infinite&quot;:&quot;yes&quot;,&quot;transition&quot;:&quot;slide&quot;}\" data-widget_type=\"slides.default\">\n\t\t\t\t<div class=\"elementor-widget-container\">\n\t\t\t\t\t\t\t\t\t<div class=\"elementor-swiper\">\n\t\t\t\t\t<div class=\"elementor-slides-wrapper elementor-main-swiper swiper\" role=\"region\" aria-roledescription=\"carousel\" aria-label=\"Diapositivas\" dir=\"ltr\" data-animation=\"fadeInUp\">\n\t\t\t\t<div class=\"swiper-wrapper elementor-slides\">\n\t\t\t\t\t\t\t\t\t\t<div class=\"elementor-repeater-item-72dfbf4 swiper-slide\" role=\"group\" aria-roledescription=\"slide\"><div class=\"swiper-slide-bg\" role=\"img\" aria-label=\"ISM07680-Mejorado-NR\"><\/div><div class=\"elementor-background-overlay\"><\/div><div class=\"swiper-slide-inner\" ><div class=\"swiper-slide-contents\"><div class=\"elementor-slide-heading\">Restaurants<\/div><\/div><\/div><\/div>\t\t\t\t<\/div>\n\t\t\t\t\t\t\t<\/div>\n\t\t\t\t<\/div>\n\t\t\t\t\t\t\t\t<\/div>\n\t\t\t\t<\/div>\n\t\t\t\t<\/div>\n\t\t<div class=\"elementor-element elementor-element-19addd4 e-flex e-con-boxed e-con e-parent\" data-id=\"19addd4\" data-element_type=\"container\" data-e-type=\"container\">\n\t\t\t\t\t<div class=\"e-con-inner\">\n\t\t\t\t<div class=\"elementor-element elementor-element-df85b22 elementor-widget elementor-widget-text-editor\" data-id=\"df85b22\" data-element_type=\"widget\" data-e-type=\"widget\" data-widget_type=\"text-editor.default\">\n\t\t\t\t<div class=\"elementor-widget-container\">\n\t\t\t\t\t\t\t\t\t<p>RESTAURANTS<\/p>\n\t\t\t\t\t\t\t\t<\/div>\n\t\t\t\t<\/div>\n\t\t\t\t<div class=\"elementor-element elementor-element-f51d906 elementor-widget elementor-widget-heading\" data-id=\"f51d906\" data-element_type=\"widget\" data-e-type=\"widget\" data-widget_type=\"heading.default\">\n\t\t\t\t<div class=\"elementor-widget-container\">\n\t\t\t\t\t<h2 class=\"elementor-heading-title elementor-size-default\">La millor oferta gastron\u00f2mica en un entorn \u00fanic<\/h2>\t\t\t\t<\/div>\n\t\t\t\t<\/div>\n\t\t\t\t\t<\/div>\n\t\t\t\t<\/div>\n\t\t<div class=\"elementor-element elementor-element-cbfdb13 e-flex e-con-boxed e-con e-parent\" data-id=\"cbfdb13\" data-element_type=\"container\" data-e-type=\"container\" data-settings=\"{&quot;background_background&quot;:&quot;classic&quot;}\">\n\t\t\t\t\t<div class=\"e-con-inner\">\n\t\t<div class=\"elementor-element elementor-element-b50c8b8 e-con-full e-flex e-con e-child\" data-id=\"b50c8b8\" data-element_type=\"container\" data-e-type=\"container\">\n\t\t\t\t<div class=\"elementor-element elementor-element-0caec8e elementor-widget elementor-widget-gallery\" data-id=\"0caec8e\" data-element_type=\"widget\" data-e-type=\"widget\" data-settings=\"{&quot;gallery_layout&quot;:&quot;masonry&quot;,&quot;columns&quot;:1,&quot;columns_tablet&quot;:2,&quot;columns_mobile&quot;:1,&quot;gap&quot;:{&quot;unit&quot;:&quot;px&quot;,&quot;size&quot;:10,&quot;sizes&quot;:[]},&quot;gap_tablet&quot;:{&quot;unit&quot;:&quot;px&quot;,&quot;size&quot;:10,&quot;sizes&quot;:[]},&quot;gap_mobile&quot;:{&quot;unit&quot;:&quot;px&quot;,&quot;size&quot;:10,&quot;sizes&quot;:[]},&quot;content_hover_animation&quot;:&quot;fade-in&quot;}\" data-widget_type=\"gallery.default\">\n\t\t\t\t<div class=\"elementor-widget-container\">\n\t\t\t\t\t\t\t<div class=\"elementor-gallery__container\">\n\t\t\t\t\t\t\t<div class=\"e-gallery-item elementor-gallery-item elementor-animated-content\">\n\t\t\t\t\t<div class=\"e-gallery-image elementor-gallery-item__image\" data-thumbnail=\"https:\/\/www.rafanadalclub.com\/wp-content\/uploads\/2025\/01\/ISM07538-Mejorado-NR-e1737625918403.jpg\" data-width=\"1280\" data-height=\"1280\" aria-label=\"\" role=\"img\" ><\/div>\n\t\t\t\t\t\t\t\t\t\t\t\t\t\t<\/div>\n\t\t\t\t\t<\/div>\n\t\t\t\t\t<\/div>\n\t\t\t\t<\/div>\n\t\t\t\t<\/div>\n\t\t<div class=\"elementor-element elementor-element-5c2cd1c e-con-full e-flex e-con e-child\" data-id=\"5c2cd1c\" data-element_type=\"container\" data-e-type=\"container\">\n\t\t\t\t<div class=\"elementor-element elementor-element-7a40b65 elementor-widget elementor-widget-gallery\" data-id=\"7a40b65\" data-element_type=\"widget\" data-e-type=\"widget\" data-settings=\"{&quot;gallery_layout&quot;:&quot;masonry&quot;,&quot;columns&quot;:2,&quot;columns_mobile&quot;:2,&quot;columns_tablet&quot;:2,&quot;gap&quot;:{&quot;unit&quot;:&quot;px&quot;,&quot;size&quot;:10,&quot;sizes&quot;:[]},&quot;gap_tablet&quot;:{&quot;unit&quot;:&quot;px&quot;,&quot;size&quot;:10,&quot;sizes&quot;:[]},&quot;gap_mobile&quot;:{&quot;unit&quot;:&quot;px&quot;,&quot;size&quot;:10,&quot;sizes&quot;:[]},&quot;content_hover_animation&quot;:&quot;fade-in&quot;}\" data-widget_type=\"gallery.default\">\n\t\t\t\t<div class=\"elementor-widget-container\">\n\t\t\t\t\t\t\t<div class=\"elementor-gallery__container\">\n\t\t\t\t\t\t\t<div class=\"e-gallery-item elementor-gallery-item elementor-animated-content\">\n\t\t\t\t\t<div class=\"e-gallery-image elementor-gallery-item__image\" data-thumbnail=\"https:\/\/www.rafanadalclub.com\/wp-content\/uploads\/2024\/02\/pelota-tenis-scaled-e1707408952421.jpg\" data-width=\"1429\" data-height=\"1429\" aria-label=\"\" role=\"img\" ><\/div>\n\t\t\t\t\t\t\t\t\t\t\t\t\t\t<\/div>\n\t\t\t\t\t\t\t<div class=\"e-gallery-item elementor-gallery-item elementor-animated-content\">\n\t\t\t\t\t<div class=\"e-gallery-image elementor-gallery-item__image\" data-thumbnail=\"https:\/\/www.rafanadalclub.com\/wp-content\/uploads\/2025\/01\/ISM07671-Mejorado-NR-e1737626006856.jpg\" data-width=\"1478\" data-height=\"1478\" aria-label=\"\" role=\"img\" ><\/div>\n\t\t\t\t\t\t\t\t\t\t\t\t\t\t<\/div>\n\t\t\t\t\t\t\t<div class=\"e-gallery-item elementor-gallery-item elementor-animated-content\">\n\t\t\t\t\t<div class=\"e-gallery-image elementor-gallery-item__image\" data-thumbnail=\"https:\/\/www.rafanadalclub.com\/wp-content\/uploads\/2024\/02\/ISM07275-Mejorado-NR-scaled-e1707409060696.jpg\" data-width=\"1706\" data-height=\"1706\" aria-label=\"\" role=\"img\" ><\/div>\n\t\t\t\t\t\t\t\t\t\t\t\t\t\t<\/div>\n\t\t\t\t\t\t\t<div class=\"e-gallery-item elementor-gallery-item elementor-animated-content\">\n\t\t\t\t\t<div class=\"e-gallery-image elementor-gallery-item__image\" data-thumbnail=\"https:\/\/www.rafanadalclub.com\/wp-content\/uploads\/2024\/02\/wimbledon-scaled-e1707409138281.jpg\" data-width=\"1706\" data-height=\"1706\" aria-label=\"\" role=\"img\" ><\/div>\n\t\t\t\t\t\t\t\t\t\t\t\t\t\t<\/div>\n\t\t\t\t\t<\/div>\n\t\t\t\t\t<\/div>\n\t\t\t\t<\/div>\n\t\t\t\t<\/div>\n\t\t\t\t\t<\/div>\n\t\t\t\t<\/div>\n\t\t<div class=\"elementor-element elementor-element-80205ba e-flex e-con-boxed e-con e-parent\" data-id=\"80205ba\" data-element_type=\"container\" data-e-type=\"container\" data-settings=\"{&quot;background_background&quot;:&quot;classic&quot;}\">\n\t\t\t\t\t<div class=\"e-con-inner\">\n\t\t<div class=\"elementor-element elementor-element-7dba973 e-con-full e-flex e-con e-child\" data-id=\"7dba973\" data-element_type=\"container\" data-e-type=\"container\">\n\t\t\t\t<div class=\"elementor-element elementor-element-decac15 elementor-cta--layout-image-above elementor-cta--valign-middle elementor-cta--mobile-layout-image-above elementor-cta--skin-classic elementor-animated-content elementor-bg-transform elementor-bg-transform-zoom-in elementor-widget elementor-widget-call-to-action\" data-id=\"decac15\" data-element_type=\"widget\" data-e-type=\"widget\" data-widget_type=\"call-to-action.default\">\n\t\t\t\t<div class=\"elementor-widget-container\">\n\t\t\t\t\t\t\t<div class=\"elementor-cta\">\n\t\t\t\t\t<div class=\"elementor-cta__bg-wrapper\">\n\t\t\t\t<div class=\"elementor-cta__bg elementor-bg\" style=\"background-image: url(https:\/\/www.rafanadalclub.com\/wp-content\/uploads\/2024\/02\/ISM08290-scaled-e1737626444952-1024x1024.jpg);\" role=\"img\" aria-label=\"ISM08290\"><\/div>\n\t\t\t\t<div class=\"elementor-cta__bg-overlay\"><\/div>\n\t\t\t<\/div>\n\t\t\t\t\t\t\t<div class=\"elementor-cta__content\">\n\t\t\t\t\n\t\t\t\t\t\t\t\t\t<h2 class=\"elementor-cta__title elementor-cta__content-item elementor-content-item\">\n\t\t\t\t\t\tRoland Garros Restaurant\t\t\t\t\t<\/h2>\n\t\t\t\t\n\t\t\t\t\t\t\t\t\t<div class=\"elementor-cta__description elementor-cta__content-item elementor-content-item\">\n\t\t\t\t\t\t<p>El nostre nou restaurant Roland Garros \u00e9s un espai gastron\u00f2mic ambientat al Grand Slam parisenc que ofereix una oferta gastron\u00f2mica de qualitat, amb una carta elaborada per l'equip de cuiners i especialistes en nutrici\u00f3 de la Rafa Nadal Academy by Movistar.  <\/p>\n<p>  La seva decoraci\u00f3 i el seu mobiliari han estat dissenyats sota la inspiraci\u00f3 dels restaurants empla\u00e7ats al mateix torneig amb l'objectiu que tots els comensals que gaudeixin de l'espai se sentin com si estiguessin dins d'un dels esdeveniments tennistics m\u00e9s grans del planeta.  <\/p>\n<p><b>Reserva la teva taula en l\u00ednia:<\/b><\/p>\n<p><\/p>\n\t\t\t\t\t<\/div>\n\t\t\t\t\n\t\t\t\t\t\t\t\t\t<div class=\"elementor-cta__button-wrapper elementor-cta__content-item elementor-content-item \">\n\t\t\t\t\t<a class=\"elementor-cta__button elementor-button elementor-size-\" href=\"https:\/\/www.rafanadalclub.com\/wp-content\/uploads\/2025\/11\/Carta-ROLAND-GARROS-25_v3.pdf\" target=\"_blank\">\n\t\t\t\t\t\tVeure carta\t\t\t\t\t<\/a>\n\t\t\t\t\t<\/div>\n\t\t\t\t\t\t\t<\/div>\n\t\t\t\t\t\t<\/div>\n\t\t\t\t\t\t<\/div>\n\t\t\t\t<\/div>\n\t\t\t\t<\/div>\n\t\t\t\t\t<\/div>\n\t\t\t\t<\/div>\n\t\t<div class=\"elementor-element elementor-element-9bc7ae3 e-flex e-con-boxed e-con e-parent\" data-id=\"9bc7ae3\" data-element_type=\"container\" data-e-type=\"container\" data-settings=\"{&quot;background_background&quot;:&quot;classic&quot;}\">\n\t\t\t\t\t<div class=\"e-con-inner\">\n\t\t<div class=\"elementor-element elementor-element-3fcb667 e-con-full e-flex e-con e-child\" data-id=\"3fcb667\" data-element_type=\"container\" data-e-type=\"container\">\n\t\t\t\t<div class=\"elementor-element elementor-element-b264222 elementor-cta--layout-image-right elementor-cta--valign-middle elementor-cta--mobile-layout-image-above elementor-cta--skin-classic elementor-animated-content elementor-bg-transform elementor-bg-transform-zoom-in elementor-widget elementor-widget-call-to-action\" data-id=\"b264222\" data-element_type=\"widget\" data-e-type=\"widget\" data-widget_type=\"call-to-action.default\">\n\t\t\t\t<div class=\"elementor-widget-container\">\n\t\t\t\t\t\t\t<div class=\"elementor-cta\">\n\t\t\t\t\t<div class=\"elementor-cta__bg-wrapper\">\n\t\t\t\t<div class=\"elementor-cta__bg elementor-bg\" style=\"background-image: url(https:\/\/www.rafanadalclub.com\/wp-content\/uploads\/2024\/12\/DSC07645-HDR-1024x683.jpg);\" role=\"img\" aria-label=\"DSC07645-HDR\"><\/div>\n\t\t\t\t<div class=\"elementor-cta__bg-overlay\"><\/div>\n\t\t\t<\/div>\n\t\t\t\t\t\t\t<div class=\"elementor-cta__content\">\n\t\t\t\t\n\t\t\t\t\t\t\t\t\t<h2 class=\"elementor-cta__title elementor-cta__content-item elementor-content-item\">\n\t\t\t\t\t\tUS Open Restaurant\t\t\t\t\t<\/h2>\n\t\t\t\t\n\t\t\t\t\t\t\t\t\t<div class=\"elementor-cta__description elementor-cta__content-item elementor-content-item\">\n\t\t\t\t\t\t<p>El nostre US Open Restaurant ofereix una oferta gastron\u00f2mica de qualitat, sempre supervisada per especialistes en nutrici\u00f3 que tenen cura de l'alimentaci\u00f3 dels clients perqu\u00e8 portin una vida saludable, combinant l'entrenament amb una dieta equilibrada.  <\/p>\n<p>  Posem a la vostra disposici\u00f3 una \u00e0mplia carta de productes variats i frescos.<\/p>\n\t\t\t\t\t<\/div>\n\t\t\t\t\n\t\t\t\t\t\t\t\t\t<div class=\"elementor-cta__button-wrapper elementor-cta__content-item elementor-content-item \">\n\t\t\t\t\t<a class=\"elementor-cta__button elementor-button elementor-size-\" href=\"https:\/\/www.rafanadalclub.com\/wp-content\/uploads\/2025\/11\/Carta-US-OPEN-RESTAURANT-25_v4.pdf\" target=\"_blank\">\n\t\t\t\t\t\tVeure carta\t\t\t\t\t<\/a>\n\t\t\t\t\t<\/div>\n\t\t\t\t\t\t\t<\/div>\n\t\t\t\t\t\t<\/div>\n\t\t\t\t\t\t<\/div>\n\t\t\t\t<\/div>\n\t\t\t\t<div class=\"elementor-element elementor-element-399f9ef elementor-cta--layout-image-left elementor-cta--valign-middle elementor-cta--mobile-layout-image-above elementor-cta--skin-classic elementor-animated-content elementor-bg-transform elementor-bg-transform-zoom-in elementor-widget elementor-widget-call-to-action\" data-id=\"399f9ef\" data-element_type=\"widget\" data-e-type=\"widget\" data-widget_type=\"call-to-action.default\">\n\t\t\t\t<div class=\"elementor-widget-container\">\n\t\t\t\t\t\t\t<div class=\"elementor-cta\">\n\t\t\t\t\t<div class=\"elementor-cta__bg-wrapper\">\n\t\t\t\t<div class=\"elementor-cta__bg elementor-bg\" style=\"background-image: url(https:\/\/www.rafanadalclub.com\/wp-content\/uploads\/2024\/12\/DSC05710-1024x683.jpg);\" role=\"img\" aria-label=\"DSC05710\"><\/div>\n\t\t\t\t<div class=\"elementor-cta__bg-overlay\"><\/div>\n\t\t\t<\/div>\n\t\t\t\t\t\t\t<div class=\"elementor-cta__content\">\n\t\t\t\t\n\t\t\t\t\t\t\t\t\t<h2 class=\"elementor-cta__title elementor-cta__content-item elementor-content-item\">\n\t\t\t\t\t\tClub House\t\t\t\t\t<\/h2>\n\t\t\t\t\n\t\t\t\t\t\t\t\t\t<div class=\"elementor-cta__description elementor-cta__content-item elementor-content-item\">\n\t\t\t\t\t\t<p>Punt de reuni\u00f3 de tots aquells que practiquen el seu esport preferit al Rafa Nadal Club i al Crossfit RNC, aix\u00ed com de tots aquells comensals de Manacor i rodalies que vulguin venir a degustar els seus plats en un entorn d'oci i diversi\u00f3.<\/p>\n\t\t\t\t\t<\/div>\n\t\t\t\t\n\t\t\t\t\t\t\t\t\t<div class=\"elementor-cta__button-wrapper elementor-cta__content-item elementor-content-item \">\n\t\t\t\t\t<a class=\"elementor-cta__button elementor-button elementor-size-\" href=\"https:\/\/www.rafanadalclub.com\/wp-content\/uploads\/2025\/11\/Carta-CLUB-HOUSE-25_v4.pdf\" target=\"_blank\">\n\t\t\t\t\t\tVeure carta\t\t\t\t\t<\/a>\n\t\t\t\t\t<\/div>\n\t\t\t\t\t\t\t<\/div>\n\t\t\t\t\t\t<\/div>\n\t\t\t\t\t\t<\/div>\n\t\t\t\t<\/div>\n\t\t\t\t<\/div>\n\t\t\t\t\t<\/div>\n\t\t\t\t<\/div>\n\t\t<div class=\"elementor-element elementor-element-1b748e77 e-con-full elementor-hidden-mobile e-flex e-con e-parent\" data-id=\"1b748e77\" data-element_type=\"container\" data-e-type=\"container\" data-settings=\"{&quot;background_background&quot;:&quot;classic&quot;,&quot;position&quot;:&quot;fixed&quot;,&quot;motion_fx_motion_fx_scrolling&quot;:&quot;yes&quot;,&quot;motion_fx_opacity_effect&quot;:&quot;yes&quot;,&quot;motion_fx_opacity_range&quot;:{&quot;unit&quot;:&quot;%&quot;,&quot;size&quot;:&quot;&quot;,&quot;sizes&quot;:{&quot;start&quot;:20,&quot;end&quot;:23}},&quot;sticky&quot;:&quot;bottom&quot;,&quot;motion_fx_opacity_direction&quot;:&quot;out-in&quot;,&quot;motion_fx_opacity_level&quot;:{&quot;unit&quot;:&quot;px&quot;,&quot;size&quot;:10,&quot;sizes&quot;:[]},&quot;motion_fx_devices&quot;:[&quot;desktop&quot;,&quot;tablet&quot;,&quot;mobile&quot;],&quot;sticky_on&quot;:[&quot;desktop&quot;,&quot;tablet&quot;,&quot;mobile&quot;],&quot;sticky_offset&quot;:0,&quot;sticky_effects_offset&quot;:0,&quot;sticky_anchor_link_offset&quot;:0}\">\n\t\t<div class=\"elementor-element elementor-element-499fd5cd e-con-full e-flex e-con e-child\" data-id=\"499fd5cd\" data-element_type=\"container\" data-e-type=\"container\">\n\t\t\t\t<div class=\"elementor-element elementor-element-1224d3e4 elementor-widget elementor-widget-heading\" data-id=\"1224d3e4\" data-element_type=\"widget\" data-e-type=\"widget\" data-widget_type=\"heading.default\">\n\t\t\t\t<div class=\"elementor-widget-container\">\n\t\t\t\t\t<h2 class=\"elementor-heading-title elementor-size-default\">Uneix-te al Club!<\/h2>\t\t\t\t<\/div>\n\t\t\t\t<\/div>\n\t\t\t\t<div class=\"elementor-element elementor-element-596d20ac elementor-icon-list--layout-inline elementor-list-item-link-inline elementor-mobile-align-center elementor-align-end elementor-widget elementor-widget-icon-list\" data-id=\"596d20ac\" data-element_type=\"widget\" data-e-type=\"widget\" data-widget_type=\"icon-list.default\">\n\t\t\t\t<div class=\"elementor-widget-container\">\n\t\t\t\t\t\t\t<ul class=\"elementor-icon-list-items elementor-inline-items\">\n\t\t\t\t\t\t\t<li class=\"elementor-icon-list-item elementor-inline-item\">\n\t\t\t\t\t\t\t\t\t\t\t<a href=\"tel:+34971171675\" target=\"_blank\">\n\n\t\t\t\t\t\t\t\t\t\t\t\t<span class=\"elementor-icon-list-icon\">\n\t\t\t\t\t\t\t<i aria-hidden=\"true\" class=\"fas fa-phone-alt\"><\/i>\t\t\t\t\t\t<\/span>\n\t\t\t\t\t\t\t\t\t\t<span class=\"elementor-icon-list-text\">(+34) 971 171 675<\/span>\n\t\t\t\t\t\t\t\t\t\t\t<\/a>\n\t\t\t\t\t\t\t\t\t<\/li>\n\t\t\t\t\t\t\t\t<li class=\"elementor-icon-list-item elementor-inline-item\">\n\t\t\t\t\t\t\t\t\t\t\t<a href=\"mailto:info@rafanadalclub.com\" target=\"_blank\">\n\n\t\t\t\t\t\t\t\t\t\t\t\t<span class=\"elementor-icon-list-icon\">\n\t\t\t\t\t\t\t<i aria-hidden=\"true\" class=\"fas fa-envelope\"><\/i>\t\t\t\t\t\t<\/span>\n\t\t\t\t\t\t\t\t\t\t<span class=\"elementor-icon-list-text\">info@rafanadalclub.com<\/span>\n\t\t\t\t\t\t\t\t\t\t\t<\/a>\n\t\t\t\t\t\t\t\t\t<\/li>\n\t\t\t\t\t\t<\/ul>\n\t\t\t\t\t\t<\/div>\n\t\t\t\t<\/div>\n\t\t\t\t<\/div>\n\t\t\t\t<\/div>\n\t\t\t\t<\/div>\n\t\t","protected":false},"excerpt":{"rendered":"<p>Restaurants RESTAURANTS La millor oferta gastron\u00f2mica en un entorn \u00fanic Roland Garros Restaurant El nostre nou restaurant Roland Garros \u00e9s un espai gastron\u00f2mic ambientat al Grand Slam parisenc que ofereix una oferta gastron\u00f2mica de qualitat, amb una carta elaborada per l&#8217;equip de cuiners i especialistes en nutrici\u00f3 de la Rafa Nadal Academy by Movistar. La [&hellip;]<\/p>\n","protected":false},"author":1,"featured_media":0,"parent":0,"menu_order":0,"comment_status":"closed","ping_status":"closed","template":"elementor_header_footer","meta":{"footnotes":""},"class_list":["post-5336","page","type-page","status-publish","hentry"],"yoast_head":"<!-- This site is optimized with the Yoast SEO plugin v27.5 - https:\/\/yoast.com\/product\/yoast-seo-wordpress\/ -->\n<title>Restaurants - Rafa Nadal Club<\/title>\n<meta name=\"description\" content=\"Cuina mediterr\u00e0nia i saludable al Rafa Nadal Club a Manacor. Descobreix el restaurant Roland Garros en un ambient esportiu i acollidor.\" \/>\n<meta name=\"robots\" content=\"index, follow, max-snippet:-1, max-image-preview:large, max-video-preview:-1\" \/>\n<link rel=\"canonical\" href=\"https:\/\/www.rafanadalclub.com\/restaurantes\/\" \/>\n<meta property=\"og:locale\" content=\"ca_ES\" \/>\n<meta property=\"og:type\" content=\"article\" \/>\n<meta property=\"og:title\" content=\"Restaurants - Rafa Nadal Club\" \/>\n<meta property=\"og:description\" content=\"Cuina mediterr\u00e0nia i saludable al Rafa Nadal Club a Manacor. Descobreix el restaurant Roland Garros en un ambient esportiu i acollidor.\" \/>\n<meta property=\"og:url\" content=\"https:\/\/www.rafanadalclub.com\/restaurantes\/\" \/>\n<meta property=\"og:site_name\" content=\"Rafa Nadal Club\" \/>\n<meta property=\"article:publisher\" content=\"https:\/\/www.facebook.com\/rafanadalclub\/\" \/>\n<meta property=\"article:modified_time\" content=\"2025-11-20T12:52:37+00:00\" \/>\n<meta name=\"twitter:card\" content=\"summary_large_image\" \/>\n<meta name=\"twitter:label1\" content=\"Temps estimat de lectura\" \/>\n\t<meta name=\"twitter:data1\" content=\"2 minuts\" \/>\n<script type=\"application\/ld+json\" class=\"yoast-schema-graph\">{\"@context\":\"https:\\\/\\\/schema.org\",\"@graph\":[{\"@type\":\"WebPage\",\"@id\":\"https:\\\/\\\/www.rafanadalclub.com\\\/restaurantes\\\/\",\"url\":\"https:\\\/\\\/www.rafanadalclub.com\\\/restaurantes\\\/\",\"name\":\"Restaurants - Rafa Nadal Club\",\"isPartOf\":{\"@id\":\"https:\\\/\\\/www.rafanadalclub.com\\\/#website\"},\"datePublished\":\"2024-02-08T14:47:27+00:00\",\"dateModified\":\"2025-11-20T12:52:37+00:00\",\"description\":\"Cuina mediterr\u00e0nia i saludable al Rafa Nadal Club a Manacor. Descobreix el restaurant Roland Garros en un ambient esportiu i acollidor.\",\"breadcrumb\":{\"@id\":\"https:\\\/\\\/www.rafanadalclub.com\\\/restaurantes\\\/#breadcrumb\"},\"inLanguage\":\"ca\",\"potentialAction\":[{\"@type\":\"ReadAction\",\"target\":[\"https:\\\/\\\/www.rafanadalclub.com\\\/restaurantes\\\/\"]}]},{\"@type\":\"BreadcrumbList\",\"@id\":\"https:\\\/\\\/www.rafanadalclub.com\\\/restaurantes\\\/#breadcrumb\",\"itemListElement\":[{\"@type\":\"ListItem\",\"position\":1,\"name\":\"Portada\",\"item\":\"https:\\\/\\\/www.rafanadalclub.com\\\/ca\\\/inici\\\/\"},{\"@type\":\"ListItem\",\"position\":2,\"name\":\"Restaurants\"}]},{\"@type\":\"WebSite\",\"@id\":\"https:\\\/\\\/www.rafanadalclub.com\\\/#website\",\"url\":\"https:\\\/\\\/www.rafanadalclub.com\\\/\",\"name\":\"Rafa Nadal Club\",\"description\":\"\u00a1\u00danete al Club!\",\"publisher\":{\"@id\":\"https:\\\/\\\/www.rafanadalclub.com\\\/#organization\"},\"potentialAction\":[{\"@type\":\"SearchAction\",\"target\":{\"@type\":\"EntryPoint\",\"urlTemplate\":\"https:\\\/\\\/www.rafanadalclub.com\\\/?s={search_term_string}\"},\"query-input\":{\"@type\":\"PropertyValueSpecification\",\"valueRequired\":true,\"valueName\":\"search_term_string\"}}],\"inLanguage\":\"ca\"},{\"@type\":\"Organization\",\"@id\":\"https:\\\/\\\/www.rafanadalclub.com\\\/#organization\",\"name\":\"Rafa Nadal Club\",\"url\":\"https:\\\/\\\/www.rafanadalclub.com\\\/\",\"logo\":{\"@type\":\"ImageObject\",\"inLanguage\":\"ca\",\"@id\":\"https:\\\/\\\/www.rafanadalclub.com\\\/#\\\/schema\\\/logo\\\/image\\\/\",\"url\":\"https:\\\/\\\/www.rafanadalclub.com\\\/wp-content\\\/uploads\\\/2023\\\/09\\\/AF_RN_CLUB_HOR_BLANCO-01.png\",\"contentUrl\":\"https:\\\/\\\/www.rafanadalclub.com\\\/wp-content\\\/uploads\\\/2023\\\/09\\\/AF_RN_CLUB_HOR_BLANCO-01.png\",\"width\":1920,\"height\":592,\"caption\":\"Rafa Nadal Club\"},\"image\":{\"@id\":\"https:\\\/\\\/www.rafanadalclub.com\\\/#\\\/schema\\\/logo\\\/image\\\/\"},\"sameAs\":[\"https:\\\/\\\/www.facebook.com\\\/rafanadalclub\\\/\",\"https:\\\/\\\/www.instagram.com\\\/rafanadal_club\\\/?hl=es\"]}]}<\/script>\n<!-- \/ Yoast SEO plugin. -->","yoast_head_json":{"title":"Restaurants - Rafa Nadal Club","description":"Cuina mediterr\u00e0nia i saludable al Rafa Nadal Club a Manacor. Descobreix el restaurant Roland Garros en un ambient esportiu i acollidor.","robots":{"index":"index","follow":"follow","max-snippet":"max-snippet:-1","max-image-preview":"max-image-preview:large","max-video-preview":"max-video-preview:-1"},"canonical":"https:\/\/www.rafanadalclub.com\/restaurantes\/","og_locale":"ca_ES","og_type":"article","og_title":"Restaurants - Rafa Nadal Club","og_description":"Cuina mediterr\u00e0nia i saludable al Rafa Nadal Club a Manacor. Descobreix el restaurant Roland Garros en un ambient esportiu i acollidor.","og_url":"https:\/\/www.rafanadalclub.com\/restaurantes\/","og_site_name":"Rafa Nadal Club","article_publisher":"https:\/\/www.facebook.com\/rafanadalclub\/","article_modified_time":"2025-11-20T12:52:37+00:00","twitter_card":"summary_large_image","twitter_misc":{"Temps estimat de lectura":"2 minuts"},"schema":{"@context":"https:\/\/schema.org","@graph":[{"@type":"WebPage","@id":"https:\/\/www.rafanadalclub.com\/restaurantes\/","url":"https:\/\/www.rafanadalclub.com\/restaurantes\/","name":"Restaurants - Rafa Nadal Club","isPartOf":{"@id":"https:\/\/www.rafanadalclub.com\/#website"},"datePublished":"2024-02-08T14:47:27+00:00","dateModified":"2025-11-20T12:52:37+00:00","description":"Cuina mediterr\u00e0nia i saludable al Rafa Nadal Club a Manacor. Descobreix el restaurant Roland Garros en un ambient esportiu i acollidor.","breadcrumb":{"@id":"https:\/\/www.rafanadalclub.com\/restaurantes\/#breadcrumb"},"inLanguage":"ca","potentialAction":[{"@type":"ReadAction","target":["https:\/\/www.rafanadalclub.com\/restaurantes\/"]}]},{"@type":"BreadcrumbList","@id":"https:\/\/www.rafanadalclub.com\/restaurantes\/#breadcrumb","itemListElement":[{"@type":"ListItem","position":1,"name":"Portada","item":"https:\/\/www.rafanadalclub.com\/ca\/inici\/"},{"@type":"ListItem","position":2,"name":"Restaurants"}]},{"@type":"WebSite","@id":"https:\/\/www.rafanadalclub.com\/#website","url":"https:\/\/www.rafanadalclub.com\/","name":"Rafa Nadal Club","description":"\u00a1\u00danete al Club!","publisher":{"@id":"https:\/\/www.rafanadalclub.com\/#organization"},"potentialAction":[{"@type":"SearchAction","target":{"@type":"EntryPoint","urlTemplate":"https:\/\/www.rafanadalclub.com\/?s={search_term_string}"},"query-input":{"@type":"PropertyValueSpecification","valueRequired":true,"valueName":"search_term_string"}}],"inLanguage":"ca"},{"@type":"Organization","@id":"https:\/\/www.rafanadalclub.com\/#organization","name":"Rafa Nadal Club","url":"https:\/\/www.rafanadalclub.com\/","logo":{"@type":"ImageObject","inLanguage":"ca","@id":"https:\/\/www.rafanadalclub.com\/#\/schema\/logo\/image\/","url":"https:\/\/www.rafanadalclub.com\/wp-content\/uploads\/2023\/09\/AF_RN_CLUB_HOR_BLANCO-01.png","contentUrl":"https:\/\/www.rafanadalclub.com\/wp-content\/uploads\/2023\/09\/AF_RN_CLUB_HOR_BLANCO-01.png","width":1920,"height":592,"caption":"Rafa Nadal Club"},"image":{"@id":"https:\/\/www.rafanadalclub.com\/#\/schema\/logo\/image\/"},"sameAs":["https:\/\/www.facebook.com\/rafanadalclub\/","https:\/\/www.instagram.com\/rafanadal_club\/?hl=es"]}]}},"_links":{"self":[{"href":"https:\/\/www.rafanadalclub.com\/ca\/wp-json\/wp\/v2\/pages\/5336","targetHints":{"allow":["GET"]}}],"collection":[{"href":"https:\/\/www.rafanadalclub.com\/ca\/wp-json\/wp\/v2\/pages"}],"about":[{"href":"https:\/\/www.rafanadalclub.com\/ca\/wp-json\/wp\/v2\/types\/page"}],"author":[{"embeddable":true,"href":"https:\/\/www.rafanadalclub.com\/ca\/wp-json\/wp\/v2\/users\/1"}],"replies":[{"embeddable":true,"href":"https:\/\/www.rafanadalclub.com\/ca\/wp-json\/wp\/v2\/comments?post=5336"}],"version-history":[{"count":8,"href":"https:\/\/www.rafanadalclub.com\/ca\/wp-json\/wp\/v2\/pages\/5336\/revisions"}],"predecessor-version":[{"id":6335,"href":"https:\/\/www.rafanadalclub.com\/ca\/wp-json\/wp\/v2\/pages\/5336\/revisions\/6335"}],"wp:attachment":[{"href":"https:\/\/www.rafanadalclub.com\/ca\/wp-json\/wp\/v2\/media?parent=5336"}],"curies":[{"name":"wp","href":"https:\/\/api.w.org\/{rel}","templated":true}]}}