{"id":5342,"date":"2024-01-23T14:18:51","date_gmt":"2024-01-23T13:18:51","guid":{"rendered":"https:\/\/www.rafanadalclub.com\/activitats-kids\/"},"modified":"2026-01-16T09:32:22","modified_gmt":"2026-01-16T08:32:22","slug":"activitats-kids","status":"publish","type":"page","link":"https:\/\/www.rafanadalclub.com\/ca\/activitats-kids\/","title":{"rendered":"Activitats Kids"},"content":{"rendered":"\t\t<div data-elementor-type=\"wp-post\" data-elementor-id=\"5342\" class=\"elementor elementor-5342 elementor-1746\" data-elementor-post-type=\"page\">\n\t\t\t\t<div class=\"elementor-element elementor-element-84b10b9 e-con-full e-flex e-con e-parent\" data-id=\"84b10b9\" data-element_type=\"container\" data-e-type=\"container\">\n\t\t\t\t<div class=\"elementor-element elementor-element-ee13c26 elementor--h-position-left elementor--v-position-middle elementor-widget elementor-widget-slides\" data-id=\"ee13c26\" data-element_type=\"widget\" data-e-type=\"widget\" data-settings=\"{&quot;navigation&quot;:&quot;none&quot;,&quot;autoplay_speed&quot;:6000,&quot;transition_speed&quot;:1000,&quot;autoplay&quot;:&quot;yes&quot;,&quot;infinite&quot;:&quot;yes&quot;,&quot;transition&quot;:&quot;slide&quot;}\" data-widget_type=\"slides.default\">\n\t\t\t\t<div class=\"elementor-widget-container\">\n\t\t\t\t\t\t\t\t\t<div class=\"elementor-swiper\">\n\t\t\t\t\t<div class=\"elementor-slides-wrapper elementor-main-swiper swiper\" role=\"region\" aria-roledescription=\"carousel\" aria-label=\"Diapositivas\" dir=\"ltr\" data-animation=\"fadeInUp\">\n\t\t\t\t<div class=\"swiper-wrapper elementor-slides\">\n\t\t\t\t\t\t\t\t\t\t<div class=\"elementor-repeater-item-72dfbf4 swiper-slide\" role=\"group\" aria-roledescription=\"slide\"><div class=\"swiper-slide-bg\" role=\"img\" aria-label=\"ISM07355-Mejorado-NR\"><\/div><div class=\"elementor-background-overlay\"><\/div><div class=\"swiper-slide-inner\" ><div class=\"swiper-slide-contents\"><div class=\"elementor-slide-heading\">Kids<\/div><\/div><\/div><\/div>\t\t\t\t<\/div>\n\t\t\t\t\t\t\t<\/div>\n\t\t\t\t<\/div>\n\t\t\t\t\t\t\t\t<\/div>\n\t\t\t\t<\/div>\n\t\t\t\t<\/div>\n\t\t<div class=\"elementor-element elementor-element-19addd4 e-flex e-con-boxed e-con e-parent\" data-id=\"19addd4\" data-element_type=\"container\" data-e-type=\"container\">\n\t\t\t\t\t<div class=\"e-con-inner\">\n\t\t\t\t<div class=\"elementor-element elementor-element-df85b22 elementor-widget elementor-widget-text-editor\" data-id=\"df85b22\" data-element_type=\"widget\" data-e-type=\"widget\" data-widget_type=\"text-editor.default\">\n\t\t\t\t<div class=\"elementor-widget-container\">\n\t\t\t\t\t\t\t\t\t<p>ACTIVITATS KIDS<\/p>\t\t\t\t\t\t\t\t<\/div>\n\t\t\t\t<\/div>\n\t\t\t\t<div class=\"elementor-element elementor-element-f51d906 elementor-widget elementor-widget-heading\" data-id=\"f51d906\" data-element_type=\"widget\" data-e-type=\"widget\" data-widget_type=\"heading.default\">\n\t\t\t\t<div class=\"elementor-widget-container\">\n\t\t\t\t\t<h2 class=\"elementor-heading-title elementor-size-default\">Diversi\u00f3 i esport amb valors<\/h2>\t\t\t\t<\/div>\n\t\t\t\t<\/div>\n\t\t\t\t\t<\/div>\n\t\t\t\t<\/div>\n\t\t<div class=\"elementor-element elementor-element-80205ba e-flex e-con-boxed e-con e-parent\" data-id=\"80205ba\" data-element_type=\"container\" data-e-type=\"container\" data-settings=\"{&quot;background_background&quot;:&quot;classic&quot;}\">\n\t\t\t\t\t<div class=\"e-con-inner\">\n\t\t<div class=\"elementor-element elementor-element-7dba973 e-con-full e-flex e-con e-child\" data-id=\"7dba973\" data-element_type=\"container\" data-e-type=\"container\">\n\t\t\t\t<div class=\"elementor-element elementor-element-1aff5fc elementor-cta--layout-image-right elementor-cta--valign-middle elementor-cta--mobile-layout-image-above elementor-cta--skin-classic elementor-animated-content elementor-bg-transform elementor-bg-transform-zoom-in elementor-widget elementor-widget-call-to-action\" data-id=\"1aff5fc\" data-element_type=\"widget\" data-e-type=\"widget\" data-widget_type=\"call-to-action.default\">\n\t\t\t\t<div class=\"elementor-widget-container\">\n\t\t\t\t\t\t\t<div class=\"elementor-cta\">\n\t\t\t\t\t<div class=\"elementor-cta__bg-wrapper\">\n\t\t\t\t<div class=\"elementor-cta__bg elementor-bg\" style=\"background-image: url(https:\/\/www.rafanadalclub.com\/wp-content\/uploads\/2025\/04\/img_web_1.1-1024x1024.jpg);\" role=\"img\" aria-label=\"img_web_1.1\"><\/div>\n\t\t\t\t<div class=\"elementor-cta__bg-overlay\"><\/div>\n\t\t\t<\/div>\n\t\t\t\t\t\t\t<div class=\"elementor-cta__content\">\n\t\t\t\t\n\t\t\t\t\t\t\t\t\t<h2 class=\"elementor-cta__title elementor-cta__content-item elementor-content-item\">\n\t\t\t\t\t\tCampus d'Estiu\t\t\t\t\t<\/h2>\n\t\t\t\t\n\t\t\t\t\t\t\t\t\t<div class=\"elementor-cta__description elementor-cta__content-item elementor-content-item\">\n\t\t\t\t\t\tEl Rafa Nadal Club obre les portes aquest estiu a tots els <b>joves d'entre 5 i 14 anys<\/b> que vulguin gaudir d'una experi\u00e8ncia inoblidable practicant els seus tres esports preferits: <b>Tennis, P\u00e0del i Nataci\u00f3.<\/b><br> El campus es dur\u00e0 a terme de <b>dilluns a divendres de 9h a 14h<\/b> . Els participants al Campus d'Estiu milloraran la seva t\u00e8cnica, condici\u00f3 f\u00edsica i habilitats esportives amb l'ajut dels entrenadors del Rafa Nadal Club.   \n\t\t\t\t\t<\/div>\n\t\t\t\t\n\t\t\t\t\t\t\t\t\t<div class=\"elementor-cta__button-wrapper elementor-cta__content-item elementor-content-item \">\n\t\t\t\t\t<a class=\"elementor-cta__button elementor-button elementor-size-\" href=\"https:\/\/bookings.rafanadalclub.com\/es\/product-nd?id=Uqfh:ruqJ01N4Doixz1EQA&#038;view=grid&#038;site=pnd&#038;productid=3757%2C3749%2C5878%2C5879%2C5880%2C5880%2C5881%2C5882%2C5883\">\n\t\t\t\t\t\tPlaces limitades!\t\t\t\t\t<\/a>\n\t\t\t\t\t<\/div>\n\t\t\t\t\t\t\t<\/div>\n\t\t\t\t\t\t<\/div>\n\t\t\t\t\t\t<\/div>\n\t\t\t\t<\/div>\n\t\t\t\t<\/div>\n\t\t\t\t\t<\/div>\n\t\t\t\t<\/div>\n\t\t<div class=\"elementor-element elementor-element-9c1d81a e-flex e-con-boxed e-con e-parent\" data-id=\"9c1d81a\" data-element_type=\"container\" data-e-type=\"container\" data-settings=\"{&quot;background_background&quot;:&quot;classic&quot;}\">\n\t\t\t\t\t<div class=\"e-con-inner\">\n\t\t<div class=\"elementor-element elementor-element-2f77c39 e-con-full e-flex e-con e-child\" data-id=\"2f77c39\" data-element_type=\"container\" data-e-type=\"container\">\n\t\t\t\t<div class=\"elementor-element elementor-element-8c78b2c elementor-cta--layout-image-above elementor-cta--valign-middle elementor-cta--mobile-layout-image-above elementor-cta--skin-classic elementor-animated-content elementor-bg-transform elementor-bg-transform-zoom-in elementor-widget elementor-widget-call-to-action\" data-id=\"8c78b2c\" data-element_type=\"widget\" data-e-type=\"widget\" data-widget_type=\"call-to-action.default\">\n\t\t\t\t<div class=\"elementor-widget-container\">\n\t\t\t\t\t\t\t<div class=\"elementor-cta\">\n\t\t\t\t\t<div class=\"elementor-cta__bg-wrapper\">\n\t\t\t\t<div class=\"elementor-cta__bg elementor-bg\" style=\"background-image: url(https:\/\/www.rafanadalclub.com\/wp-content\/uploads\/2024\/01\/IMG_8100-Avec-accentuation-Bruit-scaled-e1708009286494-1024x649.jpg);\" role=\"img\" aria-label=\"IMG_8100-Avec accentuation-Bruit\"><\/div>\n\t\t\t\t<div class=\"elementor-cta__bg-overlay\"><\/div>\n\t\t\t<\/div>\n\t\t\t\t\t\t\t<div class=\"elementor-cta__content\">\n\t\t\t\t\n\t\t\t\t\t\t\t\t\t<h2 class=\"elementor-cta__title elementor-cta__content-item elementor-content-item\">\n\t\t\t\t\t\tEscola de Tennis\t\t\t\t\t<\/h2>\n\t\t\t\t\n\t\t\t\t\t\t\t\t\t<div class=\"elementor-cta__description elementor-cta__content-item elementor-content-item\">\n\t\t\t\t\t\tDisponible <b>des dels 5 anys.<\/b><br>\t\t\t\t\t<\/div>\n\t\t\t\t\n\t\t\t\t\t\t\t\t\t<div class=\"elementor-cta__button-wrapper elementor-cta__content-item elementor-content-item \">\n\t\t\t\t\t<a class=\"elementor-cta__button elementor-button elementor-size-\" href=\"#elementor-action%3Aaction%3Dpopup%3Aopen%26settings%3DeyJpZCI6NTI1MywidG9nZ2xlIjpmYWxzZX0%3D\" target=\"_blank\">\n\t\t\t\t\t\tSaber m\u00e9s\t\t\t\t\t<\/a>\n\t\t\t\t\t<\/div>\n\t\t\t\t\t\t\t<\/div>\n\t\t\t\t\t\t<\/div>\n\t\t\t\t\t\t<\/div>\n\t\t\t\t<\/div>\n\t\t\t\t<\/div>\n\t\t<div class=\"elementor-element elementor-element-a613088 e-con-full e-flex e-con e-child\" data-id=\"a613088\" data-element_type=\"container\" data-e-type=\"container\">\n\t\t\t\t<div class=\"elementor-element elementor-element-54b5fad elementor-cta--layout-image-above elementor-cta--valign-middle elementor-cta--mobile-layout-image-above elementor-cta--skin-classic elementor-animated-content elementor-bg-transform elementor-bg-transform-zoom-in elementor-widget elementor-widget-call-to-action\" data-id=\"54b5fad\" data-element_type=\"widget\" data-e-type=\"widget\" data-widget_type=\"call-to-action.default\">\n\t\t\t\t<div class=\"elementor-widget-container\">\n\t\t\t\t\t\t\t<div class=\"elementor-cta\">\n\t\t\t\t\t<div class=\"elementor-cta__bg-wrapper\">\n\t\t\t\t<div class=\"elementor-cta__bg elementor-bg\" style=\"background-image: url(https:\/\/www.rafanadalclub.com\/wp-content\/uploads\/2024\/01\/DIP09929-1024x819.jpg);\" role=\"img\" aria-label=\"DIP09929\"><\/div>\n\t\t\t\t<div class=\"elementor-cta__bg-overlay\"><\/div>\n\t\t\t<\/div>\n\t\t\t\t\t\t\t<div class=\"elementor-cta__content\">\n\t\t\t\t\n\t\t\t\t\t\t\t\t\t<h2 class=\"elementor-cta__title elementor-cta__content-item elementor-content-item\">\n\t\t\t\t\t\tEscola de Nataci\u00f3\t\t\t\t\t<\/h2>\n\t\t\t\t\n\t\t\t\t\t\t\t\t\t<div class=\"elementor-cta__description elementor-cta__content-item elementor-content-item\">\n\t\t\t\t\t\t<b>A partir dels 6 mesos<\/b> .\n<br>\n\t\t\t\t\t<\/div>\n\t\t\t\t\n\t\t\t\t\t\t\t\t\t<div class=\"elementor-cta__button-wrapper elementor-cta__content-item elementor-content-item \">\n\t\t\t\t\t<a class=\"elementor-cta__button elementor-button elementor-size-\" href=\"#elementor-action%3Aaction%3Dpopup%3Aopen%26settings%3DeyJpZCI6NTI2NCwidG9nZ2xlIjpmYWxzZX0%3D\" target=\"_blank\">\n\t\t\t\t\t\tSaber m\u00e9s\t\t\t\t\t<\/a>\n\t\t\t\t\t<\/div>\n\t\t\t\t\t\t\t<\/div>\n\t\t\t\t\t\t<\/div>\n\t\t\t\t\t\t<\/div>\n\t\t\t\t<\/div>\n\t\t\t\t<\/div>\n\t\t<div class=\"elementor-element elementor-element-916cb41 e-con-full e-flex e-con e-child\" data-id=\"916cb41\" data-element_type=\"container\" data-e-type=\"container\">\n\t\t\t\t<div class=\"elementor-element elementor-element-80be32c elementor-cta--layout-image-above elementor-cta--valign-middle elementor-cta--mobile-layout-image-above elementor-cta--skin-classic elementor-animated-content elementor-bg-transform elementor-bg-transform-zoom-in elementor-widget elementor-widget-call-to-action\" data-id=\"80be32c\" data-element_type=\"widget\" data-e-type=\"widget\" data-widget_type=\"call-to-action.default\">\n\t\t\t\t<div class=\"elementor-widget-container\">\n\t\t\t\t\t\t\t<div class=\"elementor-cta\">\n\t\t\t\t\t<div class=\"elementor-cta__bg-wrapper\">\n\t\t\t\t<div class=\"elementor-cta__bg elementor-bg\" style=\"background-image: url(https:\/\/www.rafanadalclub.com\/wp-content\/uploads\/2024\/01\/IMG_8258-scaled-e1706540349926-1024x777.jpg);\" role=\"img\" aria-label=\"IMG_8258\"><\/div>\n\t\t\t\t<div class=\"elementor-cta__bg-overlay\"><\/div>\n\t\t\t<\/div>\n\t\t\t\t\t\t\t<div class=\"elementor-cta__content\">\n\t\t\t\t\n\t\t\t\t\t\t\t\t\t<h2 class=\"elementor-cta__title elementor-cta__content-item elementor-content-item\">\n\t\t\t\t\t\tEscola de P\u00e0del\t\t\t\t\t<\/h2>\n\t\t\t\t\n\t\t\t\t\t\t\t\t\t<div class=\"elementor-cta__description elementor-cta__content-item elementor-content-item\">\n\t\t\t\t\t\tDisponible <b>a partir de 6 anys.<\/b>\t\t\t\t\t<\/div>\n\t\t\t\t\n\t\t\t\t\t\t\t\t\t<div class=\"elementor-cta__button-wrapper elementor-cta__content-item elementor-content-item \">\n\t\t\t\t\t<a class=\"elementor-cta__button elementor-button elementor-size-\" href=\"#elementor-action%3Aaction%3Dpopup%3Aopen%26settings%3DeyJpZCI6NTI0NCwidG9nZ2xlIjpmYWxzZX0%3D\" target=\"_blank\">\n\t\t\t\t\t\tSaber m\u00e9s\t\t\t\t\t<\/a>\n\t\t\t\t\t<\/div>\n\t\t\t\t\t\t\t<\/div>\n\t\t\t\t\t\t<\/div>\n\t\t\t\t\t\t<\/div>\n\t\t\t\t<\/div>\n\t\t\t\t<\/div>\n\t\t\t\t\t<\/div>\n\t\t\t\t<\/div>\n\t\t<div class=\"elementor-element elementor-element-f74b2c3 e-flex e-con-boxed e-con e-parent\" data-id=\"f74b2c3\" data-element_type=\"container\" data-e-type=\"container\" data-settings=\"{&quot;background_background&quot;:&quot;classic&quot;}\">\n\t\t\t\t\t<div class=\"e-con-inner\">\n\t\t<div class=\"elementor-element elementor-element-05ff2f6 e-con-full e-flex e-con e-child\" data-id=\"05ff2f6\" data-element_type=\"container\" data-e-type=\"container\">\n\t\t\t\t<\/div>\n\t\t\t\t\t<\/div>\n\t\t\t\t<\/div>\n\t\t<div class=\"elementor-element elementor-element-1b748e77 e-con-full elementor-hidden-mobile e-flex e-con e-parent\" data-id=\"1b748e77\" data-element_type=\"container\" data-e-type=\"container\" data-settings=\"{&quot;background_background&quot;:&quot;classic&quot;,&quot;position&quot;:&quot;fixed&quot;,&quot;motion_fx_motion_fx_scrolling&quot;:&quot;yes&quot;,&quot;motion_fx_opacity_effect&quot;:&quot;yes&quot;,&quot;motion_fx_opacity_range&quot;:{&quot;unit&quot;:&quot;%&quot;,&quot;size&quot;:&quot;&quot;,&quot;sizes&quot;:{&quot;start&quot;:20,&quot;end&quot;:23}},&quot;sticky&quot;:&quot;bottom&quot;,&quot;motion_fx_opacity_direction&quot;:&quot;out-in&quot;,&quot;motion_fx_opacity_level&quot;:{&quot;unit&quot;:&quot;px&quot;,&quot;size&quot;:10,&quot;sizes&quot;:[]},&quot;motion_fx_devices&quot;:[&quot;desktop&quot;,&quot;tablet&quot;,&quot;mobile&quot;],&quot;sticky_on&quot;:[&quot;desktop&quot;,&quot;tablet&quot;,&quot;mobile&quot;],&quot;sticky_offset&quot;:0,&quot;sticky_effects_offset&quot;:0,&quot;sticky_anchor_link_offset&quot;:0}\">\n\t\t<div class=\"elementor-element elementor-element-499fd5cd e-con-full e-flex e-con e-child\" data-id=\"499fd5cd\" data-element_type=\"container\" data-e-type=\"container\">\n\t\t\t\t<div class=\"elementor-element elementor-element-1224d3e4 elementor-widget elementor-widget-heading\" data-id=\"1224d3e4\" data-element_type=\"widget\" data-e-type=\"widget\" data-widget_type=\"heading.default\">\n\t\t\t\t<div class=\"elementor-widget-container\">\n\t\t\t\t\t<h2 class=\"elementor-heading-title elementor-size-default\">Uneix-te al Club!<\/h2>\t\t\t\t<\/div>\n\t\t\t\t<\/div>\n\t\t\t\t<div class=\"elementor-element elementor-element-596d20ac elementor-icon-list--layout-inline elementor-list-item-link-inline elementor-mobile-align-center elementor-align-end elementor-widget elementor-widget-icon-list\" data-id=\"596d20ac\" data-element_type=\"widget\" data-e-type=\"widget\" data-widget_type=\"icon-list.default\">\n\t\t\t\t<div class=\"elementor-widget-container\">\n\t\t\t\t\t\t\t<ul class=\"elementor-icon-list-items elementor-inline-items\">\n\t\t\t\t\t\t\t<li class=\"elementor-icon-list-item elementor-inline-item\">\n\t\t\t\t\t\t\t\t\t\t\t<a href=\"tel:+34971171675\" target=\"_blank\">\n\n\t\t\t\t\t\t\t\t\t\t\t\t<span class=\"elementor-icon-list-icon\">\n\t\t\t\t\t\t\t<i aria-hidden=\"true\" class=\"fas fa-phone-alt\"><\/i>\t\t\t\t\t\t<\/span>\n\t\t\t\t\t\t\t\t\t\t<span class=\"elementor-icon-list-text\">(+34) 971 171 675<\/span>\n\t\t\t\t\t\t\t\t\t\t\t<\/a>\n\t\t\t\t\t\t\t\t\t<\/li>\n\t\t\t\t\t\t\t\t<li class=\"elementor-icon-list-item elementor-inline-item\">\n\t\t\t\t\t\t\t\t\t\t\t<a href=\"mailto:info@rafanadalclub.com\" target=\"_blank\">\n\n\t\t\t\t\t\t\t\t\t\t\t\t<span class=\"elementor-icon-list-icon\">\n\t\t\t\t\t\t\t<i aria-hidden=\"true\" class=\"fas fa-envelope\"><\/i>\t\t\t\t\t\t<\/span>\n\t\t\t\t\t\t\t\t\t\t<span class=\"elementor-icon-list-text\">info@rafanadalclub.com<\/span>\n\t\t\t\t\t\t\t\t\t\t\t<\/a>\n\t\t\t\t\t\t\t\t\t<\/li>\n\t\t\t\t\t\t<\/ul>\n\t\t\t\t\t\t<\/div>\n\t\t\t\t<\/div>\n\t\t\t\t<\/div>\n\t\t\t\t<\/div>\n\t\t\t\t<\/div>\n\t\t","protected":false},"excerpt":{"rendered":"<p>Kids ACTIVITATS KIDS Diversi\u00f3 i esport amb valors Campus d&#8217;Estiu El Rafa Nadal Club obre les portes aquest estiu a tots els joves d&#8217;entre 5 i 14 anys que vulguin gaudir d&#8217;una experi\u00e8ncia inoblidable practicant els seus tres esports preferits: Tennis, P\u00e0del i Nataci\u00f3. El campus es dur\u00e0 a terme de dilluns a divendres de [&hellip;]<\/p>\n","protected":false},"author":1,"featured_media":0,"parent":0,"menu_order":0,"comment_status":"closed","ping_status":"closed","template":"elementor_header_footer","meta":{"footnotes":""},"class_list":["post-5342","page","type-page","status-publish","hentry"],"yoast_head":"<!-- This site is optimized with the Yoast SEO plugin v27.5 - https:\/\/yoast.com\/product\/yoast-seo-wordpress\/ -->\n<title>Activitats Kids - Rafa Nadal Club<\/title>\n<meta name=\"description\" content=\"Tennis, p\u00e0del, nataci\u00f3 i m\u00e9s per a nens al Rafa Nadal Club a Manacor. Activitats esportives segures i divertides per al seu desenvolupament.\" \/>\n<meta name=\"robots\" content=\"index, follow, max-snippet:-1, max-image-preview:large, max-video-preview:-1\" \/>\n<link rel=\"canonical\" href=\"https:\/\/www.rafanadalclub.com\/actividades-kids\/\" \/>\n<meta property=\"og:locale\" content=\"ca_ES\" \/>\n<meta property=\"og:type\" content=\"article\" \/>\n<meta property=\"og:title\" content=\"Activitats Kids - Rafa Nadal Club\" \/>\n<meta property=\"og:description\" content=\"Tennis, p\u00e0del, nataci\u00f3 i m\u00e9s per a nens al Rafa Nadal Club a Manacor. Activitats esportives segures i divertides per al seu desenvolupament.\" \/>\n<meta property=\"og:url\" content=\"https:\/\/www.rafanadalclub.com\/actividades-kids\/\" \/>\n<meta property=\"og:site_name\" content=\"Rafa Nadal Club\" \/>\n<meta property=\"article:publisher\" content=\"https:\/\/www.facebook.com\/rafanadalclub\/\" \/>\n<meta property=\"article:modified_time\" content=\"2026-01-16T08:32:22+00:00\" \/>\n<meta name=\"twitter:card\" content=\"summary_large_image\" \/>\n<meta name=\"twitter:label1\" content=\"Temps estimat de lectura\" \/>\n\t<meta name=\"twitter:data1\" content=\"1 minut\" \/>\n<script type=\"application\/ld+json\" class=\"yoast-schema-graph\">{\"@context\":\"https:\\\/\\\/schema.org\",\"@graph\":[{\"@type\":\"WebPage\",\"@id\":\"https:\\\/\\\/www.rafanadalclub.com\\\/actividades-kids\\\/\",\"url\":\"https:\\\/\\\/www.rafanadalclub.com\\\/actividades-kids\\\/\",\"name\":\"Activitats Kids - Rafa Nadal Club\",\"isPartOf\":{\"@id\":\"https:\\\/\\\/www.rafanadalclub.com\\\/#website\"},\"datePublished\":\"2024-01-23T13:18:51+00:00\",\"dateModified\":\"2026-01-16T08:32:22+00:00\",\"description\":\"Tennis, p\u00e0del, nataci\u00f3 i m\u00e9s per a nens al Rafa Nadal Club a Manacor. Activitats esportives segures i divertides per al seu desenvolupament.\",\"breadcrumb\":{\"@id\":\"https:\\\/\\\/www.rafanadalclub.com\\\/actividades-kids\\\/#breadcrumb\"},\"inLanguage\":\"ca\",\"potentialAction\":[{\"@type\":\"ReadAction\",\"target\":[\"https:\\\/\\\/www.rafanadalclub.com\\\/actividades-kids\\\/\"]}]},{\"@type\":\"BreadcrumbList\",\"@id\":\"https:\\\/\\\/www.rafanadalclub.com\\\/actividades-kids\\\/#breadcrumb\",\"itemListElement\":[{\"@type\":\"ListItem\",\"position\":1,\"name\":\"Portada\",\"item\":\"https:\\\/\\\/www.rafanadalclub.com\\\/ca\\\/inici\\\/\"},{\"@type\":\"ListItem\",\"position\":2,\"name\":\"Activitats Kids\"}]},{\"@type\":\"WebSite\",\"@id\":\"https:\\\/\\\/www.rafanadalclub.com\\\/#website\",\"url\":\"https:\\\/\\\/www.rafanadalclub.com\\\/\",\"name\":\"Rafa Nadal Club\",\"description\":\"\u00a1\u00danete al Club!\",\"publisher\":{\"@id\":\"https:\\\/\\\/www.rafanadalclub.com\\\/#organization\"},\"potentialAction\":[{\"@type\":\"SearchAction\",\"target\":{\"@type\":\"EntryPoint\",\"urlTemplate\":\"https:\\\/\\\/www.rafanadalclub.com\\\/?s={search_term_string}\"},\"query-input\":{\"@type\":\"PropertyValueSpecification\",\"valueRequired\":true,\"valueName\":\"search_term_string\"}}],\"inLanguage\":\"ca\"},{\"@type\":\"Organization\",\"@id\":\"https:\\\/\\\/www.rafanadalclub.com\\\/#organization\",\"name\":\"Rafa Nadal Club\",\"url\":\"https:\\\/\\\/www.rafanadalclub.com\\\/\",\"logo\":{\"@type\":\"ImageObject\",\"inLanguage\":\"ca\",\"@id\":\"https:\\\/\\\/www.rafanadalclub.com\\\/#\\\/schema\\\/logo\\\/image\\\/\",\"url\":\"https:\\\/\\\/www.rafanadalclub.com\\\/wp-content\\\/uploads\\\/2023\\\/09\\\/AF_RN_CLUB_HOR_BLANCO-01.png\",\"contentUrl\":\"https:\\\/\\\/www.rafanadalclub.com\\\/wp-content\\\/uploads\\\/2023\\\/09\\\/AF_RN_CLUB_HOR_BLANCO-01.png\",\"width\":1920,\"height\":592,\"caption\":\"Rafa Nadal Club\"},\"image\":{\"@id\":\"https:\\\/\\\/www.rafanadalclub.com\\\/#\\\/schema\\\/logo\\\/image\\\/\"},\"sameAs\":[\"https:\\\/\\\/www.facebook.com\\\/rafanadalclub\\\/\",\"https:\\\/\\\/www.instagram.com\\\/rafanadal_club\\\/?hl=es\"]}]}<\/script>\n<!-- \/ Yoast SEO plugin. -->","yoast_head_json":{"title":"Activitats Kids - Rafa Nadal Club","description":"Tennis, p\u00e0del, nataci\u00f3 i m\u00e9s per a nens al Rafa Nadal Club a Manacor. Activitats esportives segures i divertides per al seu desenvolupament.","robots":{"index":"index","follow":"follow","max-snippet":"max-snippet:-1","max-image-preview":"max-image-preview:large","max-video-preview":"max-video-preview:-1"},"canonical":"https:\/\/www.rafanadalclub.com\/actividades-kids\/","og_locale":"ca_ES","og_type":"article","og_title":"Activitats Kids - Rafa Nadal Club","og_description":"Tennis, p\u00e0del, nataci\u00f3 i m\u00e9s per a nens al Rafa Nadal Club a Manacor. Activitats esportives segures i divertides per al seu desenvolupament.","og_url":"https:\/\/www.rafanadalclub.com\/actividades-kids\/","og_site_name":"Rafa Nadal Club","article_publisher":"https:\/\/www.facebook.com\/rafanadalclub\/","article_modified_time":"2026-01-16T08:32:22+00:00","twitter_card":"summary_large_image","twitter_misc":{"Temps estimat de lectura":"1 minut"},"schema":{"@context":"https:\/\/schema.org","@graph":[{"@type":"WebPage","@id":"https:\/\/www.rafanadalclub.com\/actividades-kids\/","url":"https:\/\/www.rafanadalclub.com\/actividades-kids\/","name":"Activitats Kids - Rafa Nadal Club","isPartOf":{"@id":"https:\/\/www.rafanadalclub.com\/#website"},"datePublished":"2024-01-23T13:18:51+00:00","dateModified":"2026-01-16T08:32:22+00:00","description":"Tennis, p\u00e0del, nataci\u00f3 i m\u00e9s per a nens al Rafa Nadal Club a Manacor. Activitats esportives segures i divertides per al seu desenvolupament.","breadcrumb":{"@id":"https:\/\/www.rafanadalclub.com\/actividades-kids\/#breadcrumb"},"inLanguage":"ca","potentialAction":[{"@type":"ReadAction","target":["https:\/\/www.rafanadalclub.com\/actividades-kids\/"]}]},{"@type":"BreadcrumbList","@id":"https:\/\/www.rafanadalclub.com\/actividades-kids\/#breadcrumb","itemListElement":[{"@type":"ListItem","position":1,"name":"Portada","item":"https:\/\/www.rafanadalclub.com\/ca\/inici\/"},{"@type":"ListItem","position":2,"name":"Activitats Kids"}]},{"@type":"WebSite","@id":"https:\/\/www.rafanadalclub.com\/#website","url":"https:\/\/www.rafanadalclub.com\/","name":"Rafa Nadal Club","description":"\u00a1\u00danete al Club!","publisher":{"@id":"https:\/\/www.rafanadalclub.com\/#organization"},"potentialAction":[{"@type":"SearchAction","target":{"@type":"EntryPoint","urlTemplate":"https:\/\/www.rafanadalclub.com\/?s={search_term_string}"},"query-input":{"@type":"PropertyValueSpecification","valueRequired":true,"valueName":"search_term_string"}}],"inLanguage":"ca"},{"@type":"Organization","@id":"https:\/\/www.rafanadalclub.com\/#organization","name":"Rafa Nadal Club","url":"https:\/\/www.rafanadalclub.com\/","logo":{"@type":"ImageObject","inLanguage":"ca","@id":"https:\/\/www.rafanadalclub.com\/#\/schema\/logo\/image\/","url":"https:\/\/www.rafanadalclub.com\/wp-content\/uploads\/2023\/09\/AF_RN_CLUB_HOR_BLANCO-01.png","contentUrl":"https:\/\/www.rafanadalclub.com\/wp-content\/uploads\/2023\/09\/AF_RN_CLUB_HOR_BLANCO-01.png","width":1920,"height":592,"caption":"Rafa Nadal Club"},"image":{"@id":"https:\/\/www.rafanadalclub.com\/#\/schema\/logo\/image\/"},"sameAs":["https:\/\/www.facebook.com\/rafanadalclub\/","https:\/\/www.instagram.com\/rafanadal_club\/?hl=es"]}]}},"_links":{"self":[{"href":"https:\/\/www.rafanadalclub.com\/ca\/wp-json\/wp\/v2\/pages\/5342","targetHints":{"allow":["GET"]}}],"collection":[{"href":"https:\/\/www.rafanadalclub.com\/ca\/wp-json\/wp\/v2\/pages"}],"about":[{"href":"https:\/\/www.rafanadalclub.com\/ca\/wp-json\/wp\/v2\/types\/page"}],"author":[{"embeddable":true,"href":"https:\/\/www.rafanadalclub.com\/ca\/wp-json\/wp\/v2\/users\/1"}],"replies":[{"embeddable":true,"href":"https:\/\/www.rafanadalclub.com\/ca\/wp-json\/wp\/v2\/comments?post=5342"}],"version-history":[{"count":7,"href":"https:\/\/www.rafanadalclub.com\/ca\/wp-json\/wp\/v2\/pages\/5342\/revisions"}],"predecessor-version":[{"id":6549,"href":"https:\/\/www.rafanadalclub.com\/ca\/wp-json\/wp\/v2\/pages\/5342\/revisions\/6549"}],"wp:attachment":[{"href":"https:\/\/www.rafanadalclub.com\/ca\/wp-json\/wp\/v2\/media?parent=5342"}],"curies":[{"name":"wp","href":"https:\/\/api.w.org\/{rel}","templated":true}]}}