{"id":5377,"date":"2024-02-14T09:28:04","date_gmt":"2024-02-14T08:28:04","guid":{"rendered":"https:\/\/www.rafanadalclub.com\/esdeveniments\/"},"modified":"2026-04-23T16:57:48","modified_gmt":"2026-04-23T14:57:48","slug":"events","status":"publish","type":"page","link":"https:\/\/www.rafanadalclub.com\/ca\/events\/","title":{"rendered":"Esdeveniments"},"content":{"rendered":"\t\t<div data-elementor-type=\"wp-post\" data-elementor-id=\"5377\" class=\"elementor elementor-5377 elementor-2127\" data-elementor-post-type=\"page\">\n\t\t\t\t<div class=\"elementor-element elementor-element-84b10b9 e-con-full e-flex e-con e-parent\" data-id=\"84b10b9\" data-element_type=\"container\" data-e-type=\"container\">\n\t\t\t\t<div class=\"elementor-element elementor-element-ee13c26 elementor--h-position-left elementor--v-position-middle elementor-widget elementor-widget-slides\" data-id=\"ee13c26\" data-element_type=\"widget\" data-e-type=\"widget\" data-settings=\"{&quot;navigation&quot;:&quot;none&quot;,&quot;autoplay_speed&quot;:6000,&quot;transition_speed&quot;:1000,&quot;autoplay&quot;:&quot;yes&quot;,&quot;infinite&quot;:&quot;yes&quot;,&quot;transition&quot;:&quot;slide&quot;}\" data-widget_type=\"slides.default\">\n\t\t\t\t<div class=\"elementor-widget-container\">\n\t\t\t\t\t\t\t\t\t<div class=\"elementor-swiper\">\n\t\t\t\t\t<div class=\"elementor-slides-wrapper elementor-main-swiper swiper\" role=\"region\" aria-roledescription=\"carousel\" aria-label=\"Diapositivas\" dir=\"ltr\" data-animation=\"fadeInUp\">\n\t\t\t\t<div class=\"swiper-wrapper elementor-slides\">\n\t\t\t\t\t\t\t\t\t\t<div class=\"elementor-repeater-item-72dfbf4 swiper-slide\" role=\"group\" aria-roledescription=\"slide\"><div class=\"swiper-slide-bg\" role=\"img\" aria-label=\"DSC00448\"><\/div><div class=\"elementor-background-overlay\"><\/div><div class=\"swiper-slide-inner\" ><div class=\"swiper-slide-contents\"><div class=\"elementor-slide-heading\">Esdeveniments<\/div><\/div><\/div><\/div>\t\t\t\t<\/div>\n\t\t\t\t\t\t\t<\/div>\n\t\t\t\t<\/div>\n\t\t\t\t\t\t\t\t<\/div>\n\t\t\t\t<\/div>\n\t\t\t\t<\/div>\n\t\t<div class=\"elementor-element elementor-element-19addd4 e-flex e-con-boxed e-con e-parent\" data-id=\"19addd4\" data-element_type=\"container\" data-e-type=\"container\">\n\t\t\t\t\t<div class=\"e-con-inner\">\n\t\t\t\t<div class=\"elementor-element elementor-element-df85b22 elementor-widget elementor-widget-text-editor\" data-id=\"df85b22\" data-element_type=\"widget\" data-e-type=\"widget\" data-widget_type=\"text-editor.default\">\n\t\t\t\t<div class=\"elementor-widget-container\">\n\t\t\t\t\t\t\t\t\t<p>ESDEVENIMENTS<\/p>\t\t\t\t\t\t\t\t<\/div>\n\t\t\t\t<\/div>\n\t\t\t\t<div class=\"elementor-element elementor-element-f51d906 elementor-widget elementor-widget-heading\" data-id=\"f51d906\" data-element_type=\"widget\" data-e-type=\"widget\" data-widget_type=\"heading.default\">\n\t\t\t\t<div class=\"elementor-widget-container\">\n\t\t\t\t\t<h2 class=\"elementor-heading-title elementor-size-default\">Descobreix m\u00e9s activitats dissenyades per a tu<\/h2>\t\t\t\t<\/div>\n\t\t\t\t<\/div>\n\t\t\t\t\t<\/div>\n\t\t\t\t<\/div>\n\t\t<div class=\"elementor-element elementor-element-be2ac0c e-flex e-con-boxed e-con e-parent\" data-id=\"be2ac0c\" data-element_type=\"container\" data-e-type=\"container\" data-settings=\"{&quot;background_background&quot;:&quot;classic&quot;}\">\n\t\t\t\t\t<div class=\"e-con-inner\">\n\t\t<div class=\"elementor-element elementor-element-6dcf0ab e-con-full e-flex e-con e-child\" data-id=\"6dcf0ab\" data-element_type=\"container\" data-e-type=\"container\">\n\t\t\t\t<div class=\"elementor-element elementor-element-13fc3d8 elementor-widget elementor-widget-image\" data-id=\"13fc3d8\" data-element_type=\"widget\" data-e-type=\"widget\" data-widget_type=\"image.default\">\n\t\t\t\t<div class=\"elementor-widget-container\">\n\t\t\t\t\t\t\t\t\t\t\t\t\t\t\t<img fetchpriority=\"high\" decoding=\"async\" width=\"800\" height=\"1000\" src=\"https:\/\/www.rafanadalclub.com\/wp-content\/uploads\/2026\/04\/AF_HYBRIDRACE_POSTER_1080x1350px-819x1024.jpg\" class=\"attachment-large size-large wp-image-6957\" alt=\"\" srcset=\"https:\/\/www.rafanadalclub.com\/wp-content\/uploads\/2026\/04\/AF_HYBRIDRACE_POSTER_1080x1350px-819x1024.jpg 819w, https:\/\/www.rafanadalclub.com\/wp-content\/uploads\/2026\/04\/AF_HYBRIDRACE_POSTER_1080x1350px-240x300.jpg 240w, https:\/\/www.rafanadalclub.com\/wp-content\/uploads\/2026\/04\/AF_HYBRIDRACE_POSTER_1080x1350px-768x960.jpg 768w, https:\/\/www.rafanadalclub.com\/wp-content\/uploads\/2026\/04\/AF_HYBRIDRACE_POSTER_1080x1350px.jpg 1080w\" sizes=\"(max-width: 800px) 100vw, 800px\" \/>\t\t\t\t\t\t\t\t\t\t\t\t\t\t\t<\/div>\n\t\t\t\t<\/div>\n\t\t\t\t<\/div>\n\t\t<div class=\"elementor-element elementor-element-95a125d e-con-full e-flex e-con e-child\" data-id=\"95a125d\" data-element_type=\"container\" data-e-type=\"container\">\n\t\t\t\t<div class=\"elementor-element elementor-element-19781b3 elementor-widget elementor-widget-heading\" data-id=\"19781b3\" data-element_type=\"widget\" data-e-type=\"widget\" data-widget_type=\"heading.default\">\n\t\t\t\t<div class=\"elementor-widget-container\">\n\t\t\t\t\t<h2 class=\"elementor-heading-title elementor-size-default\">RNC HYBRID RACE<\/h2>\t\t\t\t<\/div>\n\t\t\t\t<\/div>\n\t\t\t\t<div class=\"elementor-element elementor-element-c0fc369 elementor-widget elementor-widget-text-editor\" data-id=\"c0fc369\" data-element_type=\"widget\" data-e-type=\"widget\" data-widget_type=\"text-editor.default\">\n\t\t\t\t<div class=\"elementor-widget-container\">\n\t\t\t\t\t\t\t\t\t<p>Desa la data! El <strong>6 de juny del 2026<\/strong> arriba una cosa gran que no et voldr\u00e0s perdre.   <\/p><p>Prepara&#8217;t per a una competici\u00f3 que posar\u00e0 a prova els teus l\u00edmits i desafiar\u00e0 tot all\u00f2 que creies possible.  <\/p><p>Molt aviat et podrem explicar tots els detalls, per\u00f2 ara com ara\u2026 nom\u00e9s assegura&#8217;t de ser-hi i no deixar que t&#8217;ho expliquin!  <img decoding=\"async\" class=\"emoji\" role=\"img\" draggable=\"false\" src=\"https:\/\/s.w.org\/images\/core\/emoji\/17.0.2\/svg\/1f4a5.svg\" alt=\"\ud83d\udca5\"><\/p>\t\t\t\t\t\t\t\t<\/div>\n\t\t\t\t<\/div>\n\t\t\t\t<div class=\"elementor-element elementor-element-f03e123 elementor-widget elementor-widget-button\" data-id=\"f03e123\" data-element_type=\"widget\" data-e-type=\"widget\" data-widget_type=\"button.default\">\n\t\t\t\t<div class=\"elementor-widget-container\">\n\t\t\t\t\t\t\t\t\t<div class=\"elementor-button-wrapper\">\n\t\t\t\t\t<a class=\"elementor-button elementor-button-link elementor-size-sm\" href=\"https:\/\/www.rafanadalclub.com\/ca\/rnc-hybrid-race-2\/\">\n\t\t\t\t\t\t<span class=\"elementor-button-content-wrapper\">\n\t\t\t\t\t\t\t\t\t<span class=\"elementor-button-text\">M\u00e9s informaci\u00f3<\/span>\n\t\t\t\t\t<\/span>\n\t\t\t\t\t<\/a>\n\t\t\t\t<\/div>\n\t\t\t\t\t\t\t\t<\/div>\n\t\t\t\t<\/div>\n\t\t\t\t<div class=\"elementor-element elementor-element-791d241 elementor-widget elementor-widget-button\" data-id=\"791d241\" data-element_type=\"widget\" data-e-type=\"widget\" data-widget_type=\"button.default\">\n\t\t\t\t<div class=\"elementor-widget-container\">\n\t\t\t\t\t\t\t\t\t<div class=\"elementor-button-wrapper\">\n\t\t\t\t\t<a class=\"elementor-button elementor-button-link elementor-size-sm\" href=\"https:\/\/www.elitechip.net\/index.php?zwshow=compdet&#038;idcomp=7380225\">\n\t\t\t\t\t\t<span class=\"elementor-button-content-wrapper\">\n\t\t\t\t\t\t\t\t\t<span class=\"elementor-button-text\">Inscripci\u00f3 on-line<\/span>\n\t\t\t\t\t<\/span>\n\t\t\t\t\t<\/a>\n\t\t\t\t<\/div>\n\t\t\t\t\t\t\t\t<\/div>\n\t\t\t\t<\/div>\n\t\t\t\t<\/div>\n\t\t\t\t\t<\/div>\n\t\t\t\t<\/div>\n\t\t<div class=\"elementor-element elementor-element-b4fb8f0 e-flex e-con-boxed e-con e-parent\" data-id=\"b4fb8f0\" data-element_type=\"container\" data-e-type=\"container\" data-settings=\"{&quot;background_background&quot;:&quot;classic&quot;}\">\n\t\t\t\t\t<div class=\"e-con-inner\">\n\t\t<div class=\"elementor-element elementor-element-1df6ae5 e-con-full e-flex e-con e-child\" data-id=\"1df6ae5\" data-element_type=\"container\" data-e-type=\"container\">\n\t\t\t\t<div class=\"elementor-element elementor-element-659283f elementor-widget elementor-widget-image\" data-id=\"659283f\" data-element_type=\"widget\" data-e-type=\"widget\" data-widget_type=\"image.default\">\n\t\t\t\t<div class=\"elementor-widget-container\">\n\t\t\t\t\t\t\t\t\t\t\t\t\t\t\t<img decoding=\"async\" width=\"800\" height=\"800\" src=\"https:\/\/www.rafanadalclub.com\/wp-content\/uploads\/2025\/01\/RNA01020-1024x1024.jpg\" class=\"attachment-large size-large wp-image-4957\" alt=\"\" srcset=\"https:\/\/www.rafanadalclub.com\/wp-content\/uploads\/2025\/01\/RNA01020-1024x1024.jpg 1024w, https:\/\/www.rafanadalclub.com\/wp-content\/uploads\/2025\/01\/RNA01020-300x300.jpg 300w, https:\/\/www.rafanadalclub.com\/wp-content\/uploads\/2025\/01\/RNA01020-150x150.jpg 150w, https:\/\/www.rafanadalclub.com\/wp-content\/uploads\/2025\/01\/RNA01020-768x768.jpg 768w, https:\/\/www.rafanadalclub.com\/wp-content\/uploads\/2025\/01\/RNA01020-1536x1536.jpg 1536w, https:\/\/www.rafanadalclub.com\/wp-content\/uploads\/2025\/01\/RNA01020.jpg 1920w\" sizes=\"(max-width: 800px) 100vw, 800px\" \/>\t\t\t\t\t\t\t\t\t\t\t\t\t\t\t<\/div>\n\t\t\t\t<\/div>\n\t\t\t\t<\/div>\n\t\t<div class=\"elementor-element elementor-element-12d48de e-con-full e-flex e-con e-child\" data-id=\"12d48de\" data-element_type=\"container\" data-e-type=\"container\">\n\t\t\t\t<div class=\"elementor-element elementor-element-7a34559 elementor-widget elementor-widget-heading\" data-id=\"7a34559\" data-element_type=\"widget\" data-e-type=\"widget\" data-widget_type=\"heading.default\">\n\t\t\t\t<div class=\"elementor-widget-container\">\n\t\t\t\t\t<h2 class=\"elementor-heading-title elementor-size-default\">R\u00e0nquing P\u00e0del THB Hotels<\/h2>\t\t\t\t<\/div>\n\t\t\t\t<\/div>\n\t\t\t\t<div class=\"elementor-element elementor-element-ae70239 elementor-widget elementor-widget-text-editor\" data-id=\"ae70239\" data-element_type=\"widget\" data-e-type=\"widget\" data-widget_type=\"text-editor.default\">\n\t\t\t\t<div class=\"elementor-widget-container\">\n\t\t\t\t\t\t\t\t\t<p>A partir del proper <strong>01 d&#8217;octubre<\/strong> podreu gaudir de l&#8217;inici del <strong>R\u00e0nquing de p\u00e0del 2025-2026 THB Hotels!<\/strong> <\/p><p>Aquest r\u00e0nquing de p\u00e0del \u00e9s en <strong>format individual<\/strong> i en el qual t&#8217;assegures jugar <strong>3 partits al mes<\/strong> .<\/p><p>Les inscripcions es fan a trav\u00e9s de l&#8217; <strong>APP de Playtomic<\/strong> per 50\u20ac\/trimestre i amb la teva inscripci\u00f3, rebr\u00e0s una dessuadora Nike de welcome pack.<\/p><p>Recorda, per participar t&#8217;has d&#8217;inscriure abans del 25 de setembre.  <\/p><p><strong>No t&#8217;ho perdis, reserva la teva pla\u00e7a!  <\/strong><\/p>\t\t\t\t\t\t\t\t<\/div>\n\t\t\t\t<\/div>\n\t\t\t\t<\/div>\n\t\t\t\t\t<\/div>\n\t\t\t\t<\/div>\n\t\t<div class=\"elementor-element elementor-element-1b748e77 e-con-full elementor-hidden-mobile e-flex e-con e-parent\" data-id=\"1b748e77\" data-element_type=\"container\" data-e-type=\"container\" data-settings=\"{&quot;background_background&quot;:&quot;classic&quot;,&quot;position&quot;:&quot;fixed&quot;,&quot;motion_fx_motion_fx_scrolling&quot;:&quot;yes&quot;,&quot;motion_fx_opacity_effect&quot;:&quot;yes&quot;,&quot;motion_fx_opacity_range&quot;:{&quot;unit&quot;:&quot;%&quot;,&quot;size&quot;:&quot;&quot;,&quot;sizes&quot;:{&quot;start&quot;:20,&quot;end&quot;:23}},&quot;sticky&quot;:&quot;bottom&quot;,&quot;motion_fx_opacity_direction&quot;:&quot;out-in&quot;,&quot;motion_fx_opacity_level&quot;:{&quot;unit&quot;:&quot;px&quot;,&quot;size&quot;:10,&quot;sizes&quot;:[]},&quot;motion_fx_devices&quot;:[&quot;desktop&quot;,&quot;tablet&quot;,&quot;mobile&quot;],&quot;sticky_on&quot;:[&quot;desktop&quot;,&quot;tablet&quot;,&quot;mobile&quot;],&quot;sticky_offset&quot;:0,&quot;sticky_effects_offset&quot;:0,&quot;sticky_anchor_link_offset&quot;:0}\">\n\t\t<div class=\"elementor-element elementor-element-499fd5cd e-con-full e-flex e-con e-child\" data-id=\"499fd5cd\" data-element_type=\"container\" data-e-type=\"container\">\n\t\t\t\t<div class=\"elementor-element elementor-element-1224d3e4 elementor-widget elementor-widget-heading\" data-id=\"1224d3e4\" data-element_type=\"widget\" data-e-type=\"widget\" data-widget_type=\"heading.default\">\n\t\t\t\t<div class=\"elementor-widget-container\">\n\t\t\t\t\t<h2 class=\"elementor-heading-title elementor-size-default\">Uneix-te al Club!<\/h2>\t\t\t\t<\/div>\n\t\t\t\t<\/div>\n\t\t\t\t<div class=\"elementor-element elementor-element-596d20ac elementor-icon-list--layout-inline elementor-list-item-link-inline elementor-mobile-align-center elementor-align-end elementor-widget elementor-widget-icon-list\" data-id=\"596d20ac\" data-element_type=\"widget\" data-e-type=\"widget\" data-widget_type=\"icon-list.default\">\n\t\t\t\t<div class=\"elementor-widget-container\">\n\t\t\t\t\t\t\t<ul class=\"elementor-icon-list-items elementor-inline-items\">\n\t\t\t\t\t\t\t<li class=\"elementor-icon-list-item elementor-inline-item\">\n\t\t\t\t\t\t\t\t\t\t\t<a href=\"tel:+34971171675\" target=\"_blank\">\n\n\t\t\t\t\t\t\t\t\t\t\t\t<span class=\"elementor-icon-list-icon\">\n\t\t\t\t\t\t\t<i aria-hidden=\"true\" class=\"fas fa-phone-alt\"><\/i>\t\t\t\t\t\t<\/span>\n\t\t\t\t\t\t\t\t\t\t<span class=\"elementor-icon-list-text\">(+34) 971 171 675<\/span>\n\t\t\t\t\t\t\t\t\t\t\t<\/a>\n\t\t\t\t\t\t\t\t\t<\/li>\n\t\t\t\t\t\t\t\t<li class=\"elementor-icon-list-item elementor-inline-item\">\n\t\t\t\t\t\t\t\t\t\t\t<a href=\"mailto:info@rafanadalclub.com\" target=\"_blank\">\n\n\t\t\t\t\t\t\t\t\t\t\t\t<span class=\"elementor-icon-list-icon\">\n\t\t\t\t\t\t\t<i aria-hidden=\"true\" class=\"fas fa-envelope\"><\/i>\t\t\t\t\t\t<\/span>\n\t\t\t\t\t\t\t\t\t\t<span class=\"elementor-icon-list-text\">info@rafanadalclub.com<\/span>\n\t\t\t\t\t\t\t\t\t\t\t<\/a>\n\t\t\t\t\t\t\t\t\t<\/li>\n\t\t\t\t\t\t<\/ul>\n\t\t\t\t\t\t<\/div>\n\t\t\t\t<\/div>\n\t\t\t\t<\/div>\n\t\t\t\t<\/div>\n\t\t\t\t<\/div>\n\t\t","protected":false},"excerpt":{"rendered":"<p>Esdeveniments ESDEVENIMENTS Descobreix m\u00e9s activitats dissenyades per a tu RNC HYBRID RACE Desa la data! El 6 de juny del 2026 arriba una cosa gran que no et voldr\u00e0s perdre. Prepara&#8217;t per a una competici\u00f3 que posar\u00e0 a prova els teus l\u00edmits i desafiar\u00e0 tot all\u00f2 que creies possible. Molt aviat et podrem explicar tots [&hellip;]<\/p>\n","protected":false},"author":1,"featured_media":0,"parent":0,"menu_order":0,"comment_status":"closed","ping_status":"closed","template":"elementor_header_footer","meta":{"footnotes":""},"class_list":["post-5377","page","type-page","status-publish","hentry"],"yoast_head":"<!-- This site is optimized with the Yoast SEO plugin v27.5 - https:\/\/yoast.com\/product\/yoast-seo-wordpress\/ -->\n<title>Esdeveniments - Rafa Nadal Club<\/title>\n<meta name=\"description\" content=\"Esdeveniments esportius, socials i familiars durant tot l&#039;any al Rafa Nadal Club a Manacor. Viu experi\u00e8ncies \u00faniques en un ambient vibrant.\" \/>\n<meta name=\"robots\" content=\"index, follow, max-snippet:-1, max-image-preview:large, max-video-preview:-1\" \/>\n<link rel=\"canonical\" href=\"https:\/\/www.rafanadalclub.com\/eventos\/\" \/>\n<meta property=\"og:locale\" content=\"ca_ES\" \/>\n<meta property=\"og:type\" content=\"article\" \/>\n<meta property=\"og:title\" content=\"Esdeveniments - Rafa Nadal Club\" \/>\n<meta property=\"og:description\" content=\"Esdeveniments esportius, socials i familiars durant tot l&#039;any al Rafa Nadal Club a Manacor. Viu experi\u00e8ncies \u00faniques en un ambient vibrant.\" \/>\n<meta property=\"og:url\" content=\"https:\/\/www.rafanadalclub.com\/eventos\/\" \/>\n<meta property=\"og:site_name\" content=\"Rafa Nadal Club\" \/>\n<meta property=\"article:publisher\" content=\"https:\/\/www.facebook.com\/rafanadalclub\/\" \/>\n<meta property=\"article:modified_time\" content=\"2026-04-23T14:57:48+00:00\" \/>\n<meta property=\"og:image\" content=\"https:\/\/www.rafanadalclub.com\/wp-content\/uploads\/2026\/04\/AF_HYBRIDRACE_POSTER_1080x1350px-819x1024.jpg\" \/>\n\t<meta property=\"og:image:width\" content=\"819\" \/>\n\t<meta property=\"og:image:height\" content=\"1024\" \/>\n\t<meta property=\"og:image:type\" content=\"image\/jpeg\" \/>\n<meta name=\"twitter:card\" content=\"summary_large_image\" \/>\n<meta name=\"twitter:label1\" content=\"Temps estimat de lectura\" \/>\n\t<meta name=\"twitter:data1\" content=\"1 minut\" \/>\n<script type=\"application\/ld+json\" class=\"yoast-schema-graph\">{\"@context\":\"https:\\\/\\\/schema.org\",\"@graph\":[{\"@type\":\"WebPage\",\"@id\":\"https:\\\/\\\/www.rafanadalclub.com\\\/eventos\\\/\",\"url\":\"https:\\\/\\\/www.rafanadalclub.com\\\/eventos\\\/\",\"name\":\"Esdeveniments - Rafa Nadal Club\",\"isPartOf\":{\"@id\":\"https:\\\/\\\/www.rafanadalclub.com\\\/#website\"},\"primaryImageOfPage\":{\"@id\":\"https:\\\/\\\/www.rafanadalclub.com\\\/eventos\\\/#primaryimage\"},\"image\":{\"@id\":\"https:\\\/\\\/www.rafanadalclub.com\\\/eventos\\\/#primaryimage\"},\"thumbnailUrl\":\"https:\\\/\\\/www.rafanadalclub.com\\\/wp-content\\\/uploads\\\/2026\\\/04\\\/AF_HYBRIDRACE_POSTER_1080x1350px-819x1024.jpg\",\"datePublished\":\"2024-02-14T08:28:04+00:00\",\"dateModified\":\"2026-04-23T14:57:48+00:00\",\"description\":\"Esdeveniments esportius, socials i familiars durant tot l'any al Rafa Nadal Club a Manacor. Viu experi\u00e8ncies \u00faniques en un ambient vibrant.\",\"breadcrumb\":{\"@id\":\"https:\\\/\\\/www.rafanadalclub.com\\\/eventos\\\/#breadcrumb\"},\"inLanguage\":\"ca\",\"potentialAction\":[{\"@type\":\"ReadAction\",\"target\":[\"https:\\\/\\\/www.rafanadalclub.com\\\/eventos\\\/\"]}]},{\"@type\":\"ImageObject\",\"inLanguage\":\"ca\",\"@id\":\"https:\\\/\\\/www.rafanadalclub.com\\\/eventos\\\/#primaryimage\",\"url\":\"https:\\\/\\\/www.rafanadalclub.com\\\/wp-content\\\/uploads\\\/2026\\\/04\\\/AF_HYBRIDRACE_POSTER_1080x1350px-819x1024.jpg\",\"contentUrl\":\"https:\\\/\\\/www.rafanadalclub.com\\\/wp-content\\\/uploads\\\/2026\\\/04\\\/AF_HYBRIDRACE_POSTER_1080x1350px-819x1024.jpg\"},{\"@type\":\"BreadcrumbList\",\"@id\":\"https:\\\/\\\/www.rafanadalclub.com\\\/eventos\\\/#breadcrumb\",\"itemListElement\":[{\"@type\":\"ListItem\",\"position\":1,\"name\":\"Portada\",\"item\":\"https:\\\/\\\/www.rafanadalclub.com\\\/ca\\\/inici\\\/\"},{\"@type\":\"ListItem\",\"position\":2,\"name\":\"Esdeveniments\"}]},{\"@type\":\"WebSite\",\"@id\":\"https:\\\/\\\/www.rafanadalclub.com\\\/#website\",\"url\":\"https:\\\/\\\/www.rafanadalclub.com\\\/\",\"name\":\"Rafa Nadal Club\",\"description\":\"\u00a1\u00danete al Club!\",\"publisher\":{\"@id\":\"https:\\\/\\\/www.rafanadalclub.com\\\/#organization\"},\"potentialAction\":[{\"@type\":\"SearchAction\",\"target\":{\"@type\":\"EntryPoint\",\"urlTemplate\":\"https:\\\/\\\/www.rafanadalclub.com\\\/?s={search_term_string}\"},\"query-input\":{\"@type\":\"PropertyValueSpecification\",\"valueRequired\":true,\"valueName\":\"search_term_string\"}}],\"inLanguage\":\"ca\"},{\"@type\":\"Organization\",\"@id\":\"https:\\\/\\\/www.rafanadalclub.com\\\/#organization\",\"name\":\"Rafa Nadal Club\",\"url\":\"https:\\\/\\\/www.rafanadalclub.com\\\/\",\"logo\":{\"@type\":\"ImageObject\",\"inLanguage\":\"ca\",\"@id\":\"https:\\\/\\\/www.rafanadalclub.com\\\/#\\\/schema\\\/logo\\\/image\\\/\",\"url\":\"https:\\\/\\\/www.rafanadalclub.com\\\/wp-content\\\/uploads\\\/2023\\\/09\\\/AF_RN_CLUB_HOR_BLANCO-01.png\",\"contentUrl\":\"https:\\\/\\\/www.rafanadalclub.com\\\/wp-content\\\/uploads\\\/2023\\\/09\\\/AF_RN_CLUB_HOR_BLANCO-01.png\",\"width\":1920,\"height\":592,\"caption\":\"Rafa Nadal Club\"},\"image\":{\"@id\":\"https:\\\/\\\/www.rafanadalclub.com\\\/#\\\/schema\\\/logo\\\/image\\\/\"},\"sameAs\":[\"https:\\\/\\\/www.facebook.com\\\/rafanadalclub\\\/\",\"https:\\\/\\\/www.instagram.com\\\/rafanadal_club\\\/?hl=es\"]}]}<\/script>\n<!-- \/ Yoast SEO plugin. -->","yoast_head_json":{"title":"Esdeveniments - Rafa Nadal Club","description":"Esdeveniments esportius, socials i familiars durant tot l'any al Rafa Nadal Club a Manacor. Viu experi\u00e8ncies \u00faniques en un ambient vibrant.","robots":{"index":"index","follow":"follow","max-snippet":"max-snippet:-1","max-image-preview":"max-image-preview:large","max-video-preview":"max-video-preview:-1"},"canonical":"https:\/\/www.rafanadalclub.com\/eventos\/","og_locale":"ca_ES","og_type":"article","og_title":"Esdeveniments - Rafa Nadal Club","og_description":"Esdeveniments esportius, socials i familiars durant tot l'any al Rafa Nadal Club a Manacor. Viu experi\u00e8ncies \u00faniques en un ambient vibrant.","og_url":"https:\/\/www.rafanadalclub.com\/eventos\/","og_site_name":"Rafa Nadal Club","article_publisher":"https:\/\/www.facebook.com\/rafanadalclub\/","article_modified_time":"2026-04-23T14:57:48+00:00","og_image":[{"width":819,"height":1024,"url":"https:\/\/www.rafanadalclub.com\/wp-content\/uploads\/2026\/04\/AF_HYBRIDRACE_POSTER_1080x1350px-819x1024.jpg","type":"image\/jpeg"}],"twitter_card":"summary_large_image","twitter_misc":{"Temps estimat de lectura":"1 minut"},"schema":{"@context":"https:\/\/schema.org","@graph":[{"@type":"WebPage","@id":"https:\/\/www.rafanadalclub.com\/eventos\/","url":"https:\/\/www.rafanadalclub.com\/eventos\/","name":"Esdeveniments - Rafa Nadal Club","isPartOf":{"@id":"https:\/\/www.rafanadalclub.com\/#website"},"primaryImageOfPage":{"@id":"https:\/\/www.rafanadalclub.com\/eventos\/#primaryimage"},"image":{"@id":"https:\/\/www.rafanadalclub.com\/eventos\/#primaryimage"},"thumbnailUrl":"https:\/\/www.rafanadalclub.com\/wp-content\/uploads\/2026\/04\/AF_HYBRIDRACE_POSTER_1080x1350px-819x1024.jpg","datePublished":"2024-02-14T08:28:04+00:00","dateModified":"2026-04-23T14:57:48+00:00","description":"Esdeveniments esportius, socials i familiars durant tot l'any al Rafa Nadal Club a Manacor. Viu experi\u00e8ncies \u00faniques en un ambient vibrant.","breadcrumb":{"@id":"https:\/\/www.rafanadalclub.com\/eventos\/#breadcrumb"},"inLanguage":"ca","potentialAction":[{"@type":"ReadAction","target":["https:\/\/www.rafanadalclub.com\/eventos\/"]}]},{"@type":"ImageObject","inLanguage":"ca","@id":"https:\/\/www.rafanadalclub.com\/eventos\/#primaryimage","url":"https:\/\/www.rafanadalclub.com\/wp-content\/uploads\/2026\/04\/AF_HYBRIDRACE_POSTER_1080x1350px-819x1024.jpg","contentUrl":"https:\/\/www.rafanadalclub.com\/wp-content\/uploads\/2026\/04\/AF_HYBRIDRACE_POSTER_1080x1350px-819x1024.jpg"},{"@type":"BreadcrumbList","@id":"https:\/\/www.rafanadalclub.com\/eventos\/#breadcrumb","itemListElement":[{"@type":"ListItem","position":1,"name":"Portada","item":"https:\/\/www.rafanadalclub.com\/ca\/inici\/"},{"@type":"ListItem","position":2,"name":"Esdeveniments"}]},{"@type":"WebSite","@id":"https:\/\/www.rafanadalclub.com\/#website","url":"https:\/\/www.rafanadalclub.com\/","name":"Rafa Nadal Club","description":"\u00a1\u00danete al Club!","publisher":{"@id":"https:\/\/www.rafanadalclub.com\/#organization"},"potentialAction":[{"@type":"SearchAction","target":{"@type":"EntryPoint","urlTemplate":"https:\/\/www.rafanadalclub.com\/?s={search_term_string}"},"query-input":{"@type":"PropertyValueSpecification","valueRequired":true,"valueName":"search_term_string"}}],"inLanguage":"ca"},{"@type":"Organization","@id":"https:\/\/www.rafanadalclub.com\/#organization","name":"Rafa Nadal Club","url":"https:\/\/www.rafanadalclub.com\/","logo":{"@type":"ImageObject","inLanguage":"ca","@id":"https:\/\/www.rafanadalclub.com\/#\/schema\/logo\/image\/","url":"https:\/\/www.rafanadalclub.com\/wp-content\/uploads\/2023\/09\/AF_RN_CLUB_HOR_BLANCO-01.png","contentUrl":"https:\/\/www.rafanadalclub.com\/wp-content\/uploads\/2023\/09\/AF_RN_CLUB_HOR_BLANCO-01.png","width":1920,"height":592,"caption":"Rafa Nadal Club"},"image":{"@id":"https:\/\/www.rafanadalclub.com\/#\/schema\/logo\/image\/"},"sameAs":["https:\/\/www.facebook.com\/rafanadalclub\/","https:\/\/www.instagram.com\/rafanadal_club\/?hl=es"]}]}},"_links":{"self":[{"href":"https:\/\/www.rafanadalclub.com\/ca\/wp-json\/wp\/v2\/pages\/5377","targetHints":{"allow":["GET"]}}],"collection":[{"href":"https:\/\/www.rafanadalclub.com\/ca\/wp-json\/wp\/v2\/pages"}],"about":[{"href":"https:\/\/www.rafanadalclub.com\/ca\/wp-json\/wp\/v2\/types\/page"}],"author":[{"embeddable":true,"href":"https:\/\/www.rafanadalclub.com\/ca\/wp-json\/wp\/v2\/users\/1"}],"replies":[{"embeddable":true,"href":"https:\/\/www.rafanadalclub.com\/ca\/wp-json\/wp\/v2\/comments?post=5377"}],"version-history":[{"count":20,"href":"https:\/\/www.rafanadalclub.com\/ca\/wp-json\/wp\/v2\/pages\/5377\/revisions"}],"predecessor-version":[{"id":6962,"href":"https:\/\/www.rafanadalclub.com\/ca\/wp-json\/wp\/v2\/pages\/5377\/revisions\/6962"}],"wp:attachment":[{"href":"https:\/\/www.rafanadalclub.com\/ca\/wp-json\/wp\/v2\/media?parent=5377"}],"curies":[{"name":"wp","href":"https:\/\/api.w.org\/{rel}","templated":true}]}}